
{"id":1421,"date":"2025-11-10T15:06:04","date_gmt":"2025-11-10T14:06:04","guid":{"rendered":"https:\/\/www.roccia.ro\/despre-noi\/"},"modified":"2026-01-19T15:29:42","modified_gmt":"2026-01-19T14:29:42","slug":"despre-noi","status":"publish","type":"page","link":"https:\/\/www.roccia.ro\/ro\/despre-noi\/","title":{"rendered":"Despre noi"},"content":{"rendered":"\n<div class=\"wp-block-group\"><div class=\"wp-block-group__inner-container is-layout-constrained wp-block-group-is-layout-constrained\">\n<div class=\"wp-block-columns is-layout-flex wp-container-core-columns-is-layout-9d6595d7 wp-block-columns-is-layout-flex\">\n<div class=\"wp-block-column is-layout-flow wp-block-column-is-layout-flow\">\n<p class=\"has-medium-font-size\"><strong>Roccia SRL<\/strong>, specializat\u0103 \u00een solu\u021bii de amenajare interioar\u0103, aduce pe pia\u021ba <strong>rom\u00e2neasc\u0103<\/strong> elegan\u021ba, calitatea \u0219i func\u021bionalitatea designului italian.<\/p>\n\n\n\n<p class=\"has-medium-font-size\">Oferim o gam\u0103 complet\u0103 de produse pentru dormitoare matrimoniale, mobilier de baie, paturi \u0219i saltele, toate realizate din materiale premium atent selectate, cu o aten\u021bie deosebit\u0103 la detalii \u0219i personalizare.<\/p>\n\n\n\n<p class=\"has-medium-font-size\">Datorit\u0103 unei experien\u021be solide \u0219i unei abord\u0103ri orientate c\u0103tre client, transform\u0103m ideile \u0219i nevoile dumneavoastr\u0103 \u00een proiecte concrete, durabile \u0219i pline de stil.<\/p>\n\n\n\n<p class=\"has-medium-font-size\"><strong>Roccia SRL \u2013 Excelen\u021b\u0103 italian\u0103 pentru confortul dumneavoastr\u0103.<\/strong><\/p>\n<\/div>\n<\/div>\n<\/div><\/div>\n","protected":false},"excerpt":{"rendered":"<p>Roccia SRL, specializat\u0103 \u00een solu\u021bii de amenajare interioar\u0103, aduce pe pia\u021ba rom\u00e2neasc\u0103 elegan\u021ba, calitatea \u0219i func\u021bionalitatea designului italian. Oferim o gam\u0103 complet\u0103 de produse pentru dormitoare matrimoniale, mobilier de baie, paturi \u0219i saltele, toate realizate din materiale premium atent selectate, cu o aten\u021bie deosebit\u0103 la detalii \u0219i personalizare. Datorit\u0103 unei experien\u021be solide \u0219i unei abord\u0103ri [&hellip;]<\/p>\n","protected":false},"author":1,"featured_media":0,"parent":0,"menu_order":0,"comment_status":"closed","ping_status":"closed","template":"fullwidth.php","meta":{"_acf_changed":false,"inline_featured_image":false,"footnotes":""},"class_list":["post-1421","page","type-page","status-publish","hentry"],"acf":[],"_links":{"self":[{"href":"https:\/\/www.roccia.ro\/ro\/wp-json\/wp\/v2\/pages\/1421","targetHints":{"allow":["GET"]}}],"collection":[{"href":"https:\/\/www.roccia.ro\/ro\/wp-json\/wp\/v2\/pages"}],"about":[{"href":"https:\/\/www.roccia.ro\/ro\/wp-json\/wp\/v2\/types\/page"}],"author":[{"embeddable":true,"href":"https:\/\/www.roccia.ro\/ro\/wp-json\/wp\/v2\/users\/1"}],"replies":[{"embeddable":true,"href":"https:\/\/www.roccia.ro\/ro\/wp-json\/wp\/v2\/comments?post=1421"}],"version-history":[{"count":1,"href":"https:\/\/www.roccia.ro\/ro\/wp-json\/wp\/v2\/pages\/1421\/revisions"}],"predecessor-version":[{"id":1422,"href":"https:\/\/www.roccia.ro\/ro\/wp-json\/wp\/v2\/pages\/1421\/revisions\/1422"}],"wp:attachment":[{"href":"https:\/\/www.roccia.ro\/ro\/wp-json\/wp\/v2\/media?parent=1421"}],"curies":[{"name":"wp","href":"https:\/\/api.w.org\/{rel}","templated":true}]}}