
{"id":1514,"date":"2025-12-22T13:03:48","date_gmt":"2025-12-22T12:03:48","guid":{"rendered":"https:\/\/www.roccia.ro\/prodotti\/fara-categorie\/momo\/"},"modified":"2026-01-20T11:30:38","modified_gmt":"2026-01-20T10:30:38","slug":"momo","status":"publish","type":"product","link":"https:\/\/www.roccia.ro\/ro\/prodotti\/sufragerii\/momo\/","title":{"rendered":"MOMO"},"content":{"rendered":"","protected":false},"excerpt":{"rendered":"<p>Elegan\u021ba \u0219i rafinamentul sunt elementele esen\u021biale ale patului Momo. Structura u\u0219oar\u0103 contrasteaz\u0103 bine cu t\u0103blia caracterizat\u0103 de dou\u0103 perne moi din pene cu cus\u0103turi contrastante.<\/p>\n","protected":false},"featured_media":1510,"template":"","meta":{"_acf_changed":false,"inline_featured_image":false},"product_brand":[36],"product_cat":[49,43],"product_tag":[],"class_list":{"0":"post-1514","1":"product","2":"type-product","3":"status-publish","4":"has-post-thumbnail","6":"product_brand-rimar","7":"product_cat-paturi","8":"product_cat-sufragerii","10":"first","11":"instock","12":"shipping-taxable","13":"product-type-simple"},"acf":[],"_links":{"self":[{"href":"https:\/\/www.roccia.ro\/ro\/wp-json\/wp\/v2\/product\/1514","targetHints":{"allow":["GET"]}}],"collection":[{"href":"https:\/\/www.roccia.ro\/ro\/wp-json\/wp\/v2\/product"}],"about":[{"href":"https:\/\/www.roccia.ro\/ro\/wp-json\/wp\/v2\/types\/product"}],"wp:featuredmedia":[{"embeddable":true,"href":"https:\/\/www.roccia.ro\/ro\/wp-json\/wp\/v2\/media\/1510"}],"wp:attachment":[{"href":"https:\/\/www.roccia.ro\/ro\/wp-json\/wp\/v2\/media?parent=1514"}],"wp:term":[{"taxonomy":"product_brand","embeddable":true,"href":"https:\/\/www.roccia.ro\/ro\/wp-json\/wp\/v2\/product_brand?post=1514"},{"taxonomy":"product_cat","embeddable":true,"href":"https:\/\/www.roccia.ro\/ro\/wp-json\/wp\/v2\/product_cat?post=1514"},{"taxonomy":"product_tag","embeddable":true,"href":"https:\/\/www.roccia.ro\/ro\/wp-json\/wp\/v2\/product_tag?post=1514"}],"curies":[{"name":"wp","href":"https:\/\/api.w.org\/{rel}","templated":true}]}}