
{"id":1527,"date":"2025-12-03T16:31:01","date_gmt":"2025-12-03T15:31:01","guid":{"rendered":"https:\/\/www.roccia.ro\/prodotti\/fara-categorie\/ikon-3\/"},"modified":"2026-01-20T11:35:37","modified_gmt":"2026-01-20T10:35:37","slug":"ikon-3","status":"publish","type":"product","link":"https:\/\/www.roccia.ro\/ro\/prodotti\/bai\/ikon-3\/","title":{"rendered":"Ikon 3"},"content":{"rendered":"","protected":false},"excerpt":{"rendered":"<p>Manopera de pe partea din fa\u021b\u0103, cu finisaj &#8222;diamant&#8221;, este inspirat\u0103 de o estetic\u0103 sofisticat\u0103.<br \/>\nCroiala \u0219i designul caracterizeaz\u0103 aceast\u0103 colec\u021bie cu geometrii compozi\u021bionale.<\/p>\n","protected":false},"featured_media":1528,"template":"","meta":{"_acf_changed":false,"inline_featured_image":false},"product_brand":[],"product_cat":[46],"product_tag":[],"class_list":{"0":"post-1527","1":"product","2":"type-product","3":"status-publish","4":"has-post-thumbnail","6":"product_cat-bai","8":"first","9":"instock","10":"shipping-taxable","11":"product-type-simple"},"acf":[],"_links":{"self":[{"href":"https:\/\/www.roccia.ro\/ro\/wp-json\/wp\/v2\/product\/1527","targetHints":{"allow":["GET"]}}],"collection":[{"href":"https:\/\/www.roccia.ro\/ro\/wp-json\/wp\/v2\/product"}],"about":[{"href":"https:\/\/www.roccia.ro\/ro\/wp-json\/wp\/v2\/types\/product"}],"wp:featuredmedia":[{"embeddable":true,"href":"https:\/\/www.roccia.ro\/ro\/wp-json\/wp\/v2\/media\/1528"}],"wp:attachment":[{"href":"https:\/\/www.roccia.ro\/ro\/wp-json\/wp\/v2\/media?parent=1527"}],"wp:term":[{"taxonomy":"product_brand","embeddable":true,"href":"https:\/\/www.roccia.ro\/ro\/wp-json\/wp\/v2\/product_brand?post=1527"},{"taxonomy":"product_cat","embeddable":true,"href":"https:\/\/www.roccia.ro\/ro\/wp-json\/wp\/v2\/product_cat?post=1527"},{"taxonomy":"product_tag","embeddable":true,"href":"https:\/\/www.roccia.ro\/ro\/wp-json\/wp\/v2\/product_tag?post=1527"}],"curies":[{"name":"wp","href":"https:\/\/api.w.org\/{rel}","templated":true}]}}