
{"id":1533,"date":"2025-12-03T16:33:57","date_gmt":"2025-12-03T15:33:57","guid":{"rendered":"https:\/\/www.roccia.ro\/prodotti\/fara-categorie\/swing-4-01\/"},"modified":"2026-01-20T11:34:59","modified_gmt":"2026-01-20T10:34:59","slug":"swing-4-01","status":"publish","type":"product","link":"https:\/\/www.roccia.ro\/ro\/prodotti\/bai\/swing-4-01\/","title":{"rendered":"Swing 4.01"},"content":{"rendered":"","protected":false},"excerpt":{"rendered":"<p>Linii riguroase, volume suspendate \u0219i o palet\u0103 de culori profunde: aceast\u0103 compozi\u021bie de baie este \u00eent\u00e2lnirea dintre geometrie \u0219i material. Oglinda mare retroiluminat\u0103 dialogheaz\u0103 cu rafturile iluminate, \u00een timp ce blatul placat cu EDON CARBON t\u0103iat la 45\u00b0 \u0219i lavoarul de blat creeaz\u0103 un contrast sofisticat. <\/p>\n<p>Un proiect BMT, unde designul \u00eent\u00e2lne\u0219te lumina.<\/p>\n<p>Minimalism \u00eendr\u0103zne\u021b<br \/>\nIluminat integrat<br \/>\nTexturi de materiale<br \/>\nMobilier suspendat<\/p>\n","protected":false},"featured_media":1536,"template":"","meta":{"_acf_changed":false,"inline_featured_image":false},"product_brand":[],"product_cat":[46],"product_tag":[],"class_list":{"0":"post-1533","1":"product","2":"type-product","3":"status-publish","4":"has-post-thumbnail","6":"product_cat-bai","8":"first","9":"instock","10":"shipping-taxable","11":"product-type-simple"},"acf":[],"_links":{"self":[{"href":"https:\/\/www.roccia.ro\/ro\/wp-json\/wp\/v2\/product\/1533","targetHints":{"allow":["GET"]}}],"collection":[{"href":"https:\/\/www.roccia.ro\/ro\/wp-json\/wp\/v2\/product"}],"about":[{"href":"https:\/\/www.roccia.ro\/ro\/wp-json\/wp\/v2\/types\/product"}],"wp:featuredmedia":[{"embeddable":true,"href":"https:\/\/www.roccia.ro\/ro\/wp-json\/wp\/v2\/media\/1536"}],"wp:attachment":[{"href":"https:\/\/www.roccia.ro\/ro\/wp-json\/wp\/v2\/media?parent=1533"}],"wp:term":[{"taxonomy":"product_brand","embeddable":true,"href":"https:\/\/www.roccia.ro\/ro\/wp-json\/wp\/v2\/product_brand?post=1533"},{"taxonomy":"product_cat","embeddable":true,"href":"https:\/\/www.roccia.ro\/ro\/wp-json\/wp\/v2\/product_cat?post=1533"},{"taxonomy":"product_tag","embeddable":true,"href":"https:\/\/www.roccia.ro\/ro\/wp-json\/wp\/v2\/product_tag?post=1533"}],"curies":[{"name":"wp","href":"https:\/\/api.w.org\/{rel}","templated":true}]}}