
{"id":1534,"date":"2025-12-03T16:35:27","date_gmt":"2025-12-03T15:35:27","guid":{"rendered":"https:\/\/www.roccia.ro\/prodotti\/fara-categorie\/xfly-13\/"},"modified":"2026-01-20T11:34:14","modified_gmt":"2026-01-20T10:34:14","slug":"xfly-13","status":"publish","type":"product","link":"https:\/\/www.roccia.ro\/ro\/prodotti\/bai\/xfly-13\/","title":{"rendered":"XFLY 13"},"content":{"rendered":"","protected":false},"excerpt":{"rendered":"<p>Liniile pure \u0219i esen\u021biale caracterizeaz\u0103 blatul, care are un design original \u0219i exclusivist.<br \/>\nRealizat dintr-o singur\u0103 matri\u021b\u0103, lavoarul se \u00eembin\u0103 perfect cu minimalismul dulapului.<br \/>\nCompozi\u021bia este completat\u0103 de oglinda rotund\u0103 \u0219i de raftul luminos care lumineaz\u0103 toate detaliile sale.<\/p>\n","protected":false},"featured_media":1538,"template":"","meta":{"_acf_changed":false,"inline_featured_image":false},"product_brand":[],"product_cat":[46],"product_tag":[],"class_list":{"0":"post-1534","1":"product","2":"type-product","3":"status-publish","4":"has-post-thumbnail","6":"product_cat-bai","8":"first","9":"instock","10":"shipping-taxable","11":"product-type-simple"},"acf":[],"_links":{"self":[{"href":"https:\/\/www.roccia.ro\/ro\/wp-json\/wp\/v2\/product\/1534","targetHints":{"allow":["GET"]}}],"collection":[{"href":"https:\/\/www.roccia.ro\/ro\/wp-json\/wp\/v2\/product"}],"about":[{"href":"https:\/\/www.roccia.ro\/ro\/wp-json\/wp\/v2\/types\/product"}],"wp:featuredmedia":[{"embeddable":true,"href":"https:\/\/www.roccia.ro\/ro\/wp-json\/wp\/v2\/media\/1538"}],"wp:attachment":[{"href":"https:\/\/www.roccia.ro\/ro\/wp-json\/wp\/v2\/media?parent=1534"}],"wp:term":[{"taxonomy":"product_brand","embeddable":true,"href":"https:\/\/www.roccia.ro\/ro\/wp-json\/wp\/v2\/product_brand?post=1534"},{"taxonomy":"product_cat","embeddable":true,"href":"https:\/\/www.roccia.ro\/ro\/wp-json\/wp\/v2\/product_cat?post=1534"},{"taxonomy":"product_tag","embeddable":true,"href":"https:\/\/www.roccia.ro\/ro\/wp-json\/wp\/v2\/product_tag?post=1534"}],"curies":[{"name":"wp","href":"https:\/\/api.w.org\/{rel}","templated":true}]}}