
{"id":1535,"date":"2025-12-03T16:27:50","date_gmt":"2025-12-03T15:27:50","guid":{"rendered":"https:\/\/www.roccia.ro\/prodotti\/fara-categorie\/blues\/"},"modified":"2026-01-20T11:35:43","modified_gmt":"2026-01-20T10:35:43","slug":"blues","status":"publish","type":"product","link":"https:\/\/www.roccia.ro\/ro\/prodotti\/bai\/blues\/","title":{"rendered":"Blues"},"content":{"rendered":"","protected":false},"excerpt":{"rendered":"<p>Volumele riguroase se juxtapun \u00een spa\u021biu, cre\u00e2nd o armonie geometric\u0103. \u00cen puritatea lui Funky exist\u0103 toat\u0103 func\u021bionalitatea unei chiuvete albe Tecnoril care se sprijin\u0103 pe placa groas\u0103 t\u0103iat\u0103 la 45\u00b0 din lemn masiv antic Edon Miele.<\/p>\n","protected":false},"featured_media":1539,"template":"","meta":{"_acf_changed":false,"inline_featured_image":false},"product_brand":[],"product_cat":[46],"product_tag":[],"class_list":{"0":"post-1535","1":"product","2":"type-product","3":"status-publish","4":"has-post-thumbnail","6":"product_cat-bai","8":"first","9":"instock","10":"shipping-taxable","11":"product-type-simple"},"acf":[],"_links":{"self":[{"href":"https:\/\/www.roccia.ro\/ro\/wp-json\/wp\/v2\/product\/1535","targetHints":{"allow":["GET"]}}],"collection":[{"href":"https:\/\/www.roccia.ro\/ro\/wp-json\/wp\/v2\/product"}],"about":[{"href":"https:\/\/www.roccia.ro\/ro\/wp-json\/wp\/v2\/types\/product"}],"wp:featuredmedia":[{"embeddable":true,"href":"https:\/\/www.roccia.ro\/ro\/wp-json\/wp\/v2\/media\/1539"}],"wp:attachment":[{"href":"https:\/\/www.roccia.ro\/ro\/wp-json\/wp\/v2\/media?parent=1535"}],"wp:term":[{"taxonomy":"product_brand","embeddable":true,"href":"https:\/\/www.roccia.ro\/ro\/wp-json\/wp\/v2\/product_brand?post=1535"},{"taxonomy":"product_cat","embeddable":true,"href":"https:\/\/www.roccia.ro\/ro\/wp-json\/wp\/v2\/product_cat?post=1535"},{"taxonomy":"product_tag","embeddable":true,"href":"https:\/\/www.roccia.ro\/ro\/wp-json\/wp\/v2\/product_tag?post=1535"}],"curies":[{"name":"wp","href":"https:\/\/api.w.org\/{rel}","templated":true}]}}