
{"id":1542,"date":"2025-12-03T14:04:27","date_gmt":"2025-12-03T13:04:27","guid":{"rendered":"https:\/\/www.roccia.ro\/prodotti\/fara-categorie\/nuca-de-cocos\/"},"modified":"2026-01-20T11:35:50","modified_gmt":"2026-01-20T10:35:50","slug":"nuca-de-cocos","status":"publish","type":"product","link":"https:\/\/www.roccia.ro\/ro\/prodotti\/fotolii\/nuca-de-cocos\/","title":{"rendered":"Coconut"},"content":{"rendered":"","protected":false},"excerpt":{"rendered":"<p>Coconut este un sistem de mobilier format dintr-un fotoliu pivotant \u0219i un pouf dreptunghiular, ambele realizate din materiale durabile \u0219i proiectate de arhitectul Giulio Manzoni. Fotoliul Coconut reprezint\u0103 punctul de \u00eent\u00e2lnire dintre estetica plin\u0103 de via\u021b\u0103 \u0219i pop a Egoitaliano \u0219i aten\u021bia pentru sustenabilitatea mediului. \u00cenveli\u0219ul exterior al elementelor este, de fapt, realizat din celuloz\u0103 reciclat\u0103, un material rigid care define\u0219te profilul fotoliului \u0219i al poufului \u0219i seam\u0103n\u0103 cu coaja unei nuci de cocos. Rama \u00eenglobeaz\u0103 liniile moi \u0219i ample ale elementelor tapi\u021bate, care sunt moi \u0219i confortabile, realizate din spum\u0103 poliuretanic\u0103 \u0219i acoperite cu o fibr\u0103 autoexting\u0103toare. Ambele elemente de mobilier se sprijin\u0103 pe o baz\u0103 din aluminiu, vopsit\u0103 \u00eentr-o culoare exclusivist\u0103. Urm\u00e2nd filozofia Egoitaliano, Coconut, un fotoliu realizat din materiale durabile, este disponibil pentru personalizare cu peste 550 de huse diferite, inclusiv piele \u0219i \u021bes\u0103tur\u0103, f\u0103c\u00e2nd sistemul capabil s\u0103 se adapteze oric\u0103rui proiect de amenajare.     <\/p>\n","protected":false},"featured_media":1543,"template":"","meta":{"_acf_changed":false,"inline_featured_image":false},"product_brand":[31],"product_cat":[58],"product_tag":[],"class_list":{"0":"post-1542","1":"product","2":"type-product","3":"status-publish","4":"has-post-thumbnail","6":"product_brand-egoitaliano","7":"product_cat-fotolii","9":"first","10":"instock","11":"product-type-simple"},"acf":[],"_links":{"self":[{"href":"https:\/\/www.roccia.ro\/ro\/wp-json\/wp\/v2\/product\/1542","targetHints":{"allow":["GET"]}}],"collection":[{"href":"https:\/\/www.roccia.ro\/ro\/wp-json\/wp\/v2\/product"}],"about":[{"href":"https:\/\/www.roccia.ro\/ro\/wp-json\/wp\/v2\/types\/product"}],"wp:featuredmedia":[{"embeddable":true,"href":"https:\/\/www.roccia.ro\/ro\/wp-json\/wp\/v2\/media\/1543"}],"wp:attachment":[{"href":"https:\/\/www.roccia.ro\/ro\/wp-json\/wp\/v2\/media?parent=1542"}],"wp:term":[{"taxonomy":"product_brand","embeddable":true,"href":"https:\/\/www.roccia.ro\/ro\/wp-json\/wp\/v2\/product_brand?post=1542"},{"taxonomy":"product_cat","embeddable":true,"href":"https:\/\/www.roccia.ro\/ro\/wp-json\/wp\/v2\/product_cat?post=1542"},{"taxonomy":"product_tag","embeddable":true,"href":"https:\/\/www.roccia.ro\/ro\/wp-json\/wp\/v2\/product_tag?post=1542"}],"curies":[{"name":"wp","href":"https:\/\/api.w.org\/{rel}","templated":true}]}}