
{"id":1594,"date":"2025-12-03T14:04:27","date_gmt":"2025-12-03T13:04:27","guid":{"rendered":"https:\/\/www.roccia.ro\/prodotti\/fara-categorie\/eros\/"},"modified":"2026-01-20T11:53:43","modified_gmt":"2026-01-20T10:53:43","slug":"eros","status":"publish","type":"product","link":"https:\/\/www.roccia.ro\/ro\/prodotti\/sufragerii\/canapele\/eros\/","title":{"rendered":"Eros"},"content":{"rendered":"","protected":false},"excerpt":{"rendered":"<p><strong>EROS <\/strong>se remarc\u0103 prin liniile sale moderne \u0219i primitoare, perfecte pentru cei care caut\u0103 o canapea care s\u0103 \u00eembine elegan\u021ba \u0219i confortul.<\/p>\n<p>Datorit\u0103 designului s\u0103u sofisticat, este ideal\u0103 pentru amenajarea at\u00e2t a spa\u021biilor contemporane, c\u00e2t \u0219i a celor tradi\u021bionale.<\/p>\n<p>Designul atemporal al \u201e<strong>scaunului tip cup\u0103<\/strong>\u201d cap\u0103t\u0103 o not\u0103 modern\u0103 datorit\u0103 cotiere confortabile, ideale pentru a acomoda perne rotunde care fac scaunul \u0219i mai primitor. Descoperi\u021bi canapeaua Eros, solu\u021bia ideal\u0103 pentru un living modern \u0219i confortabil. EROS se remarc\u0103 prin liniile sale moderne \u0219i primitoare, perfecte pentru cei care caut\u0103 o canapea care combin\u0103 elegan\u021ba \u0219i confortul.<\/p>\n<p>Datorit\u0103 designului s\u0103u sofisticat, este ideal\u0103 pentru amenajarea at\u00e2t a spa\u021biilor contemporane, c\u00e2t \u0219i a celor tradi\u021bionale.<\/p>\n<p>Designul atemporal al \u201escaunului tip cup\u0103\u201d cap\u0103t\u0103 o not\u0103 modern\u0103 datorit\u0103 cotiere confortabile, ideale pentru a\u0219ezarea pernelor rotunde care fac scaunul \u0219i mai confortabil. Descoperi\u021bi canapeaua Eros, solu\u021bia ideal\u0103 pentru un living modern \u0219i confortabil.<\/p>\n","protected":false},"featured_media":1596,"template":"","meta":{"_acf_changed":false,"inline_featured_image":false},"product_brand":[31],"product_cat":[51],"product_tag":[],"class_list":{"0":"post-1594","1":"product","2":"type-product","3":"status-publish","4":"has-post-thumbnail","6":"product_brand-egoitaliano","7":"product_cat-canapele","9":"first","10":"instock","11":"product-type-simple"},"acf":[],"_links":{"self":[{"href":"https:\/\/www.roccia.ro\/ro\/wp-json\/wp\/v2\/product\/1594","targetHints":{"allow":["GET"]}}],"collection":[{"href":"https:\/\/www.roccia.ro\/ro\/wp-json\/wp\/v2\/product"}],"about":[{"href":"https:\/\/www.roccia.ro\/ro\/wp-json\/wp\/v2\/types\/product"}],"wp:featuredmedia":[{"embeddable":true,"href":"https:\/\/www.roccia.ro\/ro\/wp-json\/wp\/v2\/media\/1596"}],"wp:attachment":[{"href":"https:\/\/www.roccia.ro\/ro\/wp-json\/wp\/v2\/media?parent=1594"}],"wp:term":[{"taxonomy":"product_brand","embeddable":true,"href":"https:\/\/www.roccia.ro\/ro\/wp-json\/wp\/v2\/product_brand?post=1594"},{"taxonomy":"product_cat","embeddable":true,"href":"https:\/\/www.roccia.ro\/ro\/wp-json\/wp\/v2\/product_cat?post=1594"},{"taxonomy":"product_tag","embeddable":true,"href":"https:\/\/www.roccia.ro\/ro\/wp-json\/wp\/v2\/product_tag?post=1594"}],"curies":[{"name":"wp","href":"https:\/\/api.w.org\/{rel}","templated":true}]}}