
{"id":1597,"date":"2025-12-03T14:04:27","date_gmt":"2025-12-03T13:04:27","guid":{"rendered":"https:\/\/www.roccia.ro\/prodotti\/fara-categorie\/bebop\/"},"modified":"2026-01-20T11:46:16","modified_gmt":"2026-01-20T10:46:16","slug":"bebop","status":"publish","type":"product","link":"https:\/\/www.roccia.ro\/ro\/prodotti\/sufragerii\/canapele\/bebop\/","title":{"rendered":"Bebop"},"content":{"rendered":"","protected":false},"excerpt":{"rendered":"<p>BEBOP este o canapea care nu este deloc obi\u0219nuit\u0103, caracterizat\u0103 prin tapi\u021beria elastic\u0103 colorat\u0103 \u0219i detaliile din Lycra. Disponibil\u0103 \u00een diferite configura\u021bii, BEBOP este \u0219i un fotoliu fermec\u0103tor.<\/p>\n<p>Design \u0219i tapi\u021berie<\/p>\n<p>Complet tapi\u021bat\u0103 cu \u021bes\u0103tur\u0103 tehnic\u0103 bi-elastic\u0103, cu profile din Lycra \u0219i decora\u021biuni cu nasturi, evoc\u00e2nd o estetic\u0103 pop \u0219i fermec\u0103toare.<br \/>\nStilul joac\u0103 pe forme moi, rotunjite, care sunt deosebit de \u00eenv\u0103luitoare \u0219i primitoare.<br \/>\nDisponibil\u0103 \u00eentr-o gam\u0103 larg\u0103 de culori vii (de exemplu, Viareggio, Sole, Rubino, Rosso, Prateria, Palinuro, Ostia, Mastice, Iesolo, Gabicce, Fumo, Cobalto, Cervia, Bosco), cu detalii pastelate pe nasturi \u0219i borduri.<\/p>\n<p><strong>Configura\u021bii \u0219i dimensiuni<\/strong><\/p>\n<p>Disponibil ca canapea (cu 2 sau 3 locuri \u2014 standard sau maxi) \u0219i fotoliu, precum \u0219i diverse pufuri (ovale sau \u00een form\u0103 de lacrim\u0103).<\/p>\n<p><strong>Structur\u0103 \u0219i materiale<\/strong><\/p>\n<p>Structur\u0103 din lemn cu pl\u0103ci din fibr\u0103 de lemn \u0219i particule de lemn biodegradabile.<br \/>\nC\u0103ptu\u0219eal\u0103 intern\u0103 din spum\u0103 poliuretanic\u0103 cu densitate variabil\u0103 pentru a asigura confortul \u0219i durabilitatea.<\/p>\n<p>Acest mix de confort, culori pop \u0219i forme moi face din Bebop o alegere \u00eendr\u0103znea\u021b\u0103 \u0219i func\u021bional\u0103 pentru medii moderne \u0219i creative. BEBOP este o canapea care nu este deloc obi\u0219nuit\u0103, caracterizat\u0103 prin tapi\u021beria elastic\u0103 colorat\u0103 \u0219i detaliile din Lycra. Disponibil\u0103 \u00een diferite configura\u021bii, BEBOP este \u0219i un fotoliu fermec\u0103tor.<\/p>\n<p><strong>Design \u0219i tapi\u021berie<\/strong><\/p>\n<p>Tapi\u021bat\u0103 \u00een \u00eentregime cu \u021bes\u0103tur\u0103 tehnic\u0103 bi-elastic\u0103, cu profile din Lycra \u0219i decora\u021biuni cu nasturi, evoc\u00e2nd o estetic\u0103 distractiv\u0103 \u0219i pop.<br \/>\nStilul joac\u0103 pe forme moi, rotunjite, care sunt deosebit de \u00eenv\u0103luitoare \u0219i primitoare.<br \/>\nDisponibil\u0103 \u00eentr-o gam\u0103 larg\u0103 de culori str\u0103lucitoare (de exemplu, Viareggio, Sole, Rubino, Rosso, Prateria, Palinuro, Ostia, Mastice, Iesolo, Gabicce, Fumo, Cobalto, Cervia, Bosco), cu detalii pastelate pe nasturi \u0219i borduri.<\/p>\n","protected":false},"featured_media":1599,"template":"","meta":{"_acf_changed":false,"inline_featured_image":false},"product_brand":[31],"product_cat":[51,58],"product_tag":[],"class_list":{"0":"post-1597","1":"product","2":"type-product","3":"status-publish","4":"has-post-thumbnail","6":"product_brand-egoitaliano","7":"product_cat-canapele","8":"product_cat-fotolii","10":"first","11":"instock","12":"product-type-simple"},"acf":[],"_links":{"self":[{"href":"https:\/\/www.roccia.ro\/ro\/wp-json\/wp\/v2\/product\/1597","targetHints":{"allow":["GET"]}}],"collection":[{"href":"https:\/\/www.roccia.ro\/ro\/wp-json\/wp\/v2\/product"}],"about":[{"href":"https:\/\/www.roccia.ro\/ro\/wp-json\/wp\/v2\/types\/product"}],"wp:featuredmedia":[{"embeddable":true,"href":"https:\/\/www.roccia.ro\/ro\/wp-json\/wp\/v2\/media\/1599"}],"wp:attachment":[{"href":"https:\/\/www.roccia.ro\/ro\/wp-json\/wp\/v2\/media?parent=1597"}],"wp:term":[{"taxonomy":"product_brand","embeddable":true,"href":"https:\/\/www.roccia.ro\/ro\/wp-json\/wp\/v2\/product_brand?post=1597"},{"taxonomy":"product_cat","embeddable":true,"href":"https:\/\/www.roccia.ro\/ro\/wp-json\/wp\/v2\/product_cat?post=1597"},{"taxonomy":"product_tag","embeddable":true,"href":"https:\/\/www.roccia.ro\/ro\/wp-json\/wp\/v2\/product_tag?post=1597"}],"curies":[{"name":"wp","href":"https:\/\/api.w.org\/{rel}","templated":true}]}}