
{"id":1600,"date":"2025-12-03T14:04:27","date_gmt":"2025-12-03T13:04:27","guid":{"rendered":"https:\/\/www.roccia.ro\/prodotti\/fara-categorie\/caveoso\/"},"modified":"2026-01-20T11:50:05","modified_gmt":"2026-01-20T10:50:05","slug":"caveoso","status":"publish","type":"product","link":"https:\/\/www.roccia.ro\/ro\/prodotti\/sufragerii\/canapele\/caveoso\/","title":{"rendered":"Caveoso"},"content":{"rendered":"","protected":false},"excerpt":{"rendered":"<p><strong>CAVEOSO<\/strong> este o canapea cu ad\u00e2ncime dubl\u0103 a scaunului \u0219i un aspect sofisticat, elegant \u0219i modern.<\/p>\n<p>Picioarele geometrice \u0219i riguroase din metal confer\u0103 canapelei un aspect zvelt, juc\u00e2ndu-se cu liniile diagonale ale scaunului. Sp\u0103tarele rabatabile manual v\u0103 permit s\u0103 m\u0103ri\u021bi semnificativ ad\u00e2ncimea scaunului, <strong>asigur\u00e2nd nivelul dorit de relaxare.<\/strong><\/p>\n<p>Vrei s\u0103 stai la poveste \u0219i poate s\u0103 bei un aperitiv pe canapea? Pozi\u021bia mai avansat\u0103 a sp\u0103tarelor \u00eencurajeaz\u0103 momentele de convivialitate \u0219i \u00eemp\u0103rt\u0103\u0219ire.<br \/>\nVrei s\u0103 vizionezi un film sau un serial \u00een deplin\u0103 relaxare? Cu o mi\u0219care simpl\u0103, Caveoso garanteaz\u0103 relaxare total\u0103, permi\u021b\u00e2ndu-\u021bi s\u0103-\u021bi \u00eentinzi picioarele.<\/p>\n<p>&nbsp;<\/p>\n","protected":false},"featured_media":1601,"template":"","meta":{"_acf_changed":false,"inline_featured_image":false},"product_brand":[31],"product_cat":[51],"product_tag":[],"class_list":{"0":"post-1600","1":"product","2":"type-product","3":"status-publish","4":"has-post-thumbnail","6":"product_brand-egoitaliano","7":"product_cat-canapele","9":"first","10":"instock","11":"product-type-simple"},"acf":[],"_links":{"self":[{"href":"https:\/\/www.roccia.ro\/ro\/wp-json\/wp\/v2\/product\/1600","targetHints":{"allow":["GET"]}}],"collection":[{"href":"https:\/\/www.roccia.ro\/ro\/wp-json\/wp\/v2\/product"}],"about":[{"href":"https:\/\/www.roccia.ro\/ro\/wp-json\/wp\/v2\/types\/product"}],"wp:featuredmedia":[{"embeddable":true,"href":"https:\/\/www.roccia.ro\/ro\/wp-json\/wp\/v2\/media\/1601"}],"wp:attachment":[{"href":"https:\/\/www.roccia.ro\/ro\/wp-json\/wp\/v2\/media?parent=1600"}],"wp:term":[{"taxonomy":"product_brand","embeddable":true,"href":"https:\/\/www.roccia.ro\/ro\/wp-json\/wp\/v2\/product_brand?post=1600"},{"taxonomy":"product_cat","embeddable":true,"href":"https:\/\/www.roccia.ro\/ro\/wp-json\/wp\/v2\/product_cat?post=1600"},{"taxonomy":"product_tag","embeddable":true,"href":"https:\/\/www.roccia.ro\/ro\/wp-json\/wp\/v2\/product_tag?post=1600"}],"curies":[{"name":"wp","href":"https:\/\/api.w.org\/{rel}","templated":true}]}}