
{"id":1602,"date":"2025-12-03T14:04:27","date_gmt":"2025-12-03T13:04:27","guid":{"rendered":"https:\/\/www.roccia.ro\/prodotti\/fara-categorie\/hoops\/"},"modified":"2026-01-20T11:51:05","modified_gmt":"2026-01-20T10:51:05","slug":"hoops","status":"publish","type":"product","link":"https:\/\/www.roccia.ro\/ro\/prodotti\/sufragerii\/canapele\/hoops\/","title":{"rendered":"Hoops"},"content":{"rendered":"","protected":false},"excerpt":{"rendered":"<p>Canapeaua <strong>HOOPS<\/strong> are linii circulare moderne \u0219i un scaun ad\u00e2nc care garanteaz\u0103 un confort excep\u021bional.<br \/>\nCreat\u0103 \u00een colaborare cu designerul Stefano Bonavita, <strong>Hoops<\/strong> ofer\u0103 spa\u021biul ideal pentru relaxare, citirea unei c\u0103r\u021bi bune sau petrecerea timpului cu prietenii \u0219i familia.<br \/>\nPerfect\u0103 pentru cei care doresc un col\u021b confortabil \u00een care s\u0103 se relaxeze, <strong>Hoops<\/strong> are dou\u0103 mecanisme de \u00eenclinare at\u00e2t \u00een sp\u0103tar, c\u00e2t \u0219i \u00een cotiere, pentru a m\u0103ri ad\u00e2ncimea scaunului \u0219i a asigura un confort maxim.<\/p>\n<p>Designul este inovator \u0219i atr\u0103g\u0103tor datorit\u0103 monoblocului cu baz\u0103 de podea pe care sunt structurate sp\u0103tarele \u00eenclinabile \u00eentr-o pozi\u021bie oblic\u0103 pentru a asigura un confort maxim pentru \u00eentreaga spate, de la zona lombar\u0103 p\u00e2n\u0103 la cea dorsal\u0103.<br \/>\nDisponibil \u0219i \u00een configura\u021bie home theatre, cu un compartiment central echipat cu lamp\u0103 \u0219i \u00eenc\u0103rc\u0103tor wireless pentru telefonul mobil. Fiecare detaliu al canapelei Hoops poate fi personalizat, aleg\u00e2nd dintr-o gam\u0103 larg\u0103 de op\u021biuni de tapi\u021berie, inclusiv piele, \u021bes\u0103turi fine \u0219i microfibr\u0103, \u0219i o palet\u0103 de culori str\u0103lucitoare sau neutre, chiar \u0219i pentru bordurile care accentueaz\u0103 formele circulare ale canapelei.<\/p>\n","protected":false},"featured_media":1603,"template":"","meta":{"_acf_changed":false,"inline_featured_image":false},"product_brand":[31],"product_cat":[51],"product_tag":[],"class_list":{"0":"post-1602","1":"product","2":"type-product","3":"status-publish","4":"has-post-thumbnail","6":"product_brand-egoitaliano","7":"product_cat-canapele","9":"first","10":"instock","11":"product-type-simple"},"acf":[],"_links":{"self":[{"href":"https:\/\/www.roccia.ro\/ro\/wp-json\/wp\/v2\/product\/1602","targetHints":{"allow":["GET"]}}],"collection":[{"href":"https:\/\/www.roccia.ro\/ro\/wp-json\/wp\/v2\/product"}],"about":[{"href":"https:\/\/www.roccia.ro\/ro\/wp-json\/wp\/v2\/types\/product"}],"wp:featuredmedia":[{"embeddable":true,"href":"https:\/\/www.roccia.ro\/ro\/wp-json\/wp\/v2\/media\/1603"}],"wp:attachment":[{"href":"https:\/\/www.roccia.ro\/ro\/wp-json\/wp\/v2\/media?parent=1602"}],"wp:term":[{"taxonomy":"product_brand","embeddable":true,"href":"https:\/\/www.roccia.ro\/ro\/wp-json\/wp\/v2\/product_brand?post=1602"},{"taxonomy":"product_cat","embeddable":true,"href":"https:\/\/www.roccia.ro\/ro\/wp-json\/wp\/v2\/product_cat?post=1602"},{"taxonomy":"product_tag","embeddable":true,"href":"https:\/\/www.roccia.ro\/ro\/wp-json\/wp\/v2\/product_tag?post=1602"}],"curies":[{"name":"wp","href":"https:\/\/api.w.org\/{rel}","templated":true}]}}