
{"id":1604,"date":"2025-12-03T14:04:27","date_gmt":"2025-12-03T13:04:27","guid":{"rendered":"https:\/\/www.roccia.ro\/prodotti\/fara-categorie\/looming\/"},"modified":"2026-01-20T11:51:58","modified_gmt":"2026-01-20T10:51:58","slug":"looming","status":"publish","type":"product","link":"https:\/\/www.roccia.ro\/ro\/prodotti\/sufragerii\/canapele\/looming\/","title":{"rendered":"Looming"},"content":{"rendered":"","protected":false},"excerpt":{"rendered":"<p>Linii elegante, u\u0219oare, col\u021buri rotunjite \u0219i volume moi dau via\u021b\u0103 canapelei <strong>LOOMING<\/strong> cu sp\u0103tar dublu \u00een\u0103l\u021bime.<\/p>\n<p>Cu un puternic aer contemporan datorit\u0103 picioarelor \u00eenalte, asem\u0103n\u0103toare unor fusuri, <strong>LOOMING<\/strong> dispune de un mecanism confortabil \u0219i func\u021bional cu clichet \u00een sp\u0103tar, oferind libertatea de a alege \u00eentre dou\u0103 \u00een\u0103l\u021bimi diferite \u0219i, astfel, de a personaliza confortul scaunului, f\u0103c\u00e2ndu-l perfect pentru orice nevoie.<\/p>\n<p>Ca toate modelele Egoitaliano, <strong>LOOMING<\/strong> poate fi personalizat\u0103 \u00een ceea ce prive\u0219te dimensiunile \u0219i diversele finisaje \u0219i op\u021biuni de tapi\u021berie disponibile \u00een catalog.<\/p>\n","protected":false},"featured_media":1605,"template":"","meta":{"_acf_changed":false,"inline_featured_image":false},"product_brand":[31],"product_cat":[51],"product_tag":[],"class_list":{"0":"post-1604","1":"product","2":"type-product","3":"status-publish","4":"has-post-thumbnail","6":"product_brand-egoitaliano","7":"product_cat-canapele","9":"first","10":"instock","11":"product-type-simple"},"acf":[],"_links":{"self":[{"href":"https:\/\/www.roccia.ro\/ro\/wp-json\/wp\/v2\/product\/1604","targetHints":{"allow":["GET"]}}],"collection":[{"href":"https:\/\/www.roccia.ro\/ro\/wp-json\/wp\/v2\/product"}],"about":[{"href":"https:\/\/www.roccia.ro\/ro\/wp-json\/wp\/v2\/types\/product"}],"wp:featuredmedia":[{"embeddable":true,"href":"https:\/\/www.roccia.ro\/ro\/wp-json\/wp\/v2\/media\/1605"}],"wp:attachment":[{"href":"https:\/\/www.roccia.ro\/ro\/wp-json\/wp\/v2\/media?parent=1604"}],"wp:term":[{"taxonomy":"product_brand","embeddable":true,"href":"https:\/\/www.roccia.ro\/ro\/wp-json\/wp\/v2\/product_brand?post=1604"},{"taxonomy":"product_cat","embeddable":true,"href":"https:\/\/www.roccia.ro\/ro\/wp-json\/wp\/v2\/product_cat?post=1604"},{"taxonomy":"product_tag","embeddable":true,"href":"https:\/\/www.roccia.ro\/ro\/wp-json\/wp\/v2\/product_tag?post=1604"}],"curies":[{"name":"wp","href":"https:\/\/api.w.org\/{rel}","templated":true}]}}