
{"id":1608,"date":"2025-12-03T14:04:27","date_gmt":"2025-12-03T13:04:27","guid":{"rendered":"https:\/\/www.roccia.ro\/prodotti\/fara-categorie\/shai\/"},"modified":"2026-01-20T11:53:19","modified_gmt":"2026-01-20T10:53:19","slug":"shai","status":"publish","type":"product","link":"https:\/\/www.roccia.ro\/ro\/prodotti\/sufragerii\/canapele\/shai\/","title":{"rendered":"Shai"},"content":{"rendered":"","protected":false},"excerpt":{"rendered":"<p>Canapeaua <strong>SHAI<\/strong> de la Egoitaliano este solu\u021bia ideal\u0103 pentru cei care caut\u0103 o canapea curbat\u0103, cu un design elegant \u0219i contemporan.<\/p>\n<p>Datorit\u0103 liniilor armonioase \u0219i profilului s\u0103u moale, <strong>Shai<\/strong> este destinat\u0103 s\u0103 devin\u0103 adev\u0103rata vedet\u0103 a camerei de zi.<br \/>\nDesignul curbat nu numai c\u0103 adaug\u0103 o not\u0103 de elegan\u021b\u0103 \u0219i originalitate camerei de zi, dar creeaz\u0103 \u0219i o senza\u021bie de spa\u021biu \u0219i fluiditate mai mare \u00een interior.<\/p>\n<p><strong>Estetica<\/strong> sa distinctiv\u0103 combin\u0103 formele rotunjite cu cus\u0103turi verticale at\u00e2t pe scaun, c\u00e2t \u0219i pe sp\u0103tar, ad\u0103ug\u00e2nd o not\u0103 de mi\u0219care \u0219i dinamism, f\u0103c\u00e2nd din <strong>Shai<\/strong> o canapea curbat\u0103 care poate pune \u00een valoare orice living.<\/p>\n<p>Scaunul s\u0103u larg, pus \u00een valoare de \u021bes\u0103tura bi-elastic\u0103, v\u0103 invit\u0103 s\u0103 v\u0103 relaxa\u021bi, \u00een timp ce sp\u0103tarul \u00eenv\u0103luitor care integreaz\u0103 cotierele ofer\u0103 sprijinul potrivit. Structura modular\u0103 \u0219i personalizabil\u0103 v\u0103 permite s\u0103 configura\u021bi Shai \u00een func\u021bie de nevoile dvs., aleg\u00e2nd dintre diferite compozi\u021bii pentru a crea o canapea curbat\u0103 pe m\u0103sur\u0103.<\/p>\n","protected":false},"featured_media":1609,"template":"","meta":{"_acf_changed":false,"inline_featured_image":false},"product_brand":[31],"product_cat":[51,58],"product_tag":[],"class_list":{"0":"post-1608","1":"product","2":"type-product","3":"status-publish","4":"has-post-thumbnail","6":"product_brand-egoitaliano","7":"product_cat-canapele","8":"product_cat-fotolii","10":"first","11":"instock","12":"product-type-simple"},"acf":[],"_links":{"self":[{"href":"https:\/\/www.roccia.ro\/ro\/wp-json\/wp\/v2\/product\/1608","targetHints":{"allow":["GET"]}}],"collection":[{"href":"https:\/\/www.roccia.ro\/ro\/wp-json\/wp\/v2\/product"}],"about":[{"href":"https:\/\/www.roccia.ro\/ro\/wp-json\/wp\/v2\/types\/product"}],"wp:featuredmedia":[{"embeddable":true,"href":"https:\/\/www.roccia.ro\/ro\/wp-json\/wp\/v2\/media\/1609"}],"wp:attachment":[{"href":"https:\/\/www.roccia.ro\/ro\/wp-json\/wp\/v2\/media?parent=1608"}],"wp:term":[{"taxonomy":"product_brand","embeddable":true,"href":"https:\/\/www.roccia.ro\/ro\/wp-json\/wp\/v2\/product_brand?post=1608"},{"taxonomy":"product_cat","embeddable":true,"href":"https:\/\/www.roccia.ro\/ro\/wp-json\/wp\/v2\/product_cat?post=1608"},{"taxonomy":"product_tag","embeddable":true,"href":"https:\/\/www.roccia.ro\/ro\/wp-json\/wp\/v2\/product_tag?post=1608"}],"curies":[{"name":"wp","href":"https:\/\/api.w.org\/{rel}","templated":true}]}}