
{"id":1774,"date":"2025-12-03T13:53:10","date_gmt":"2025-12-03T12:53:10","guid":{"rendered":"https:\/\/www.roccia.ro\/prodotti\/fara-categorie\/otis\/"},"modified":"2026-01-21T09:09:06","modified_gmt":"2026-01-21T08:09:06","slug":"otis","status":"publish","type":"product","link":"https:\/\/www.roccia.ro\/ro\/prodotti\/sufragerii\/mese\/otis\/","title":{"rendered":"Otis"},"content":{"rendered":"","protected":false},"excerpt":{"rendered":"<p>Formele sculpturale se \u00eembin\u0103 \u00eentr-o \u00eembr\u0103\u021bi\u0219are sinuoas\u0103 care captiveaz\u0103 privirea \u00een spa\u021bii la fel de unice ca personalit\u0103\u021bile care le locuiesc.<\/p>\n","protected":false},"featured_media":1775,"template":"","meta":{"_acf_changed":false,"inline_featured_image":false},"product_brand":[25],"product_cat":[55,43],"product_tag":[],"class_list":{"0":"post-1774","1":"product","2":"type-product","3":"status-publish","4":"has-post-thumbnail","6":"product_brand-zamagna","7":"product_cat-mese","8":"product_cat-sufragerii","10":"first","11":"instock","12":"product-type-simple"},"acf":[],"_links":{"self":[{"href":"https:\/\/www.roccia.ro\/ro\/wp-json\/wp\/v2\/product\/1774","targetHints":{"allow":["GET"]}}],"collection":[{"href":"https:\/\/www.roccia.ro\/ro\/wp-json\/wp\/v2\/product"}],"about":[{"href":"https:\/\/www.roccia.ro\/ro\/wp-json\/wp\/v2\/types\/product"}],"wp:featuredmedia":[{"embeddable":true,"href":"https:\/\/www.roccia.ro\/ro\/wp-json\/wp\/v2\/media\/1775"}],"wp:attachment":[{"href":"https:\/\/www.roccia.ro\/ro\/wp-json\/wp\/v2\/media?parent=1774"}],"wp:term":[{"taxonomy":"product_brand","embeddable":true,"href":"https:\/\/www.roccia.ro\/ro\/wp-json\/wp\/v2\/product_brand?post=1774"},{"taxonomy":"product_cat","embeddable":true,"href":"https:\/\/www.roccia.ro\/ro\/wp-json\/wp\/v2\/product_cat?post=1774"},{"taxonomy":"product_tag","embeddable":true,"href":"https:\/\/www.roccia.ro\/ro\/wp-json\/wp\/v2\/product_tag?post=1774"}],"curies":[{"name":"wp","href":"https:\/\/api.w.org\/{rel}","templated":true}]}}