
{"id":1822,"date":"2025-12-03T13:52:50","date_gmt":"2025-12-03T12:52:50","guid":{"rendered":"https:\/\/www.roccia.ro\/prodotti\/fara-categorie\/bolla\/"},"modified":"2026-01-21T10:40:31","modified_gmt":"2026-01-21T09:40:31","slug":"bolla","status":"publish","type":"product","link":"https:\/\/www.roccia.ro\/ro\/prodotti\/sufragerii\/oglinzi\/bolla\/","title":{"rendered":"Bolla"},"content":{"rendered":"","protected":false},"excerpt":{"rendered":"<p>Oglind\u0103 cu inser\u021bie din sticl\u0103 oglindit\u0103 bronzat\u0103 sau fumurie.<\/p>\n","protected":false},"featured_media":1823,"template":"","meta":{"_acf_changed":false,"inline_featured_image":false},"product_brand":[25],"product_cat":[54,43],"product_tag":[],"class_list":{"0":"post-1822","1":"product","2":"type-product","3":"status-publish","4":"has-post-thumbnail","6":"product_brand-zamagna","7":"product_cat-oglinzi","8":"product_cat-sufragerii","10":"first","11":"instock","12":"product-type-simple"},"acf":[],"_links":{"self":[{"href":"https:\/\/www.roccia.ro\/ro\/wp-json\/wp\/v2\/product\/1822","targetHints":{"allow":["GET"]}}],"collection":[{"href":"https:\/\/www.roccia.ro\/ro\/wp-json\/wp\/v2\/product"}],"about":[{"href":"https:\/\/www.roccia.ro\/ro\/wp-json\/wp\/v2\/types\/product"}],"wp:featuredmedia":[{"embeddable":true,"href":"https:\/\/www.roccia.ro\/ro\/wp-json\/wp\/v2\/media\/1823"}],"wp:attachment":[{"href":"https:\/\/www.roccia.ro\/ro\/wp-json\/wp\/v2\/media?parent=1822"}],"wp:term":[{"taxonomy":"product_brand","embeddable":true,"href":"https:\/\/www.roccia.ro\/ro\/wp-json\/wp\/v2\/product_brand?post=1822"},{"taxonomy":"product_cat","embeddable":true,"href":"https:\/\/www.roccia.ro\/ro\/wp-json\/wp\/v2\/product_cat?post=1822"},{"taxonomy":"product_tag","embeddable":true,"href":"https:\/\/www.roccia.ro\/ro\/wp-json\/wp\/v2\/product_tag?post=1822"}],"curies":[{"name":"wp","href":"https:\/\/api.w.org\/{rel}","templated":true}]}}