
{"id":1957,"date":"2025-12-03T16:29:31","date_gmt":"2025-12-03T15:29:31","guid":{"rendered":"https:\/\/www.roccia.ro\/prodotti\/fara-categorie\/dfly-1\/"},"modified":"2026-01-21T11:56:17","modified_gmt":"2026-01-21T10:56:17","slug":"dfly-1","status":"publish","type":"product","link":"https:\/\/www.roccia.ro\/ro\/prodotti\/bai\/dfly-1\/","title":{"rendered":"DFLY 1"},"content":{"rendered":"","protected":false},"excerpt":{"rendered":"<p>Luminozitate vizual\u0103, rezisten\u021b\u0103 a materialelor<\/p>\n<p>O compozi\u021bie pentru baie care pune \u00een valoare spa\u021biul cu linii curate \u0219i detalii tactile.<br \/>\nFa\u021bada cu lamele verticale, \u00een finisaj de nuc italian, este protagonista absolut\u0103 \u00eentr-un mediu definit de lumin\u0103, propor\u021bii \u0219i armonie.<\/p>\n<p>Design minimalist, f\u0103r\u0103 compromisuri.<br \/>\nTextur\u0103 natural\u0103 pentru o estetic\u0103 cald\u0103 \u0219i contemporan\u0103.<br \/>\nBlat cu chiuvet\u0103 <strong>XFLY<\/strong> integrat\u0103, cu o form\u0103 delicat\u0103, de designer, \u0219i <strong>suport pentru prosoape<\/strong> \u00eencorporat.<\/p>\n","protected":false},"featured_media":1958,"template":"","meta":{"_acf_changed":false,"inline_featured_image":false},"product_brand":[],"product_cat":[46],"product_tag":[],"class_list":{"0":"post-1957","1":"product","2":"type-product","3":"status-publish","4":"has-post-thumbnail","6":"product_cat-bai","8":"first","9":"instock","10":"shipping-taxable","11":"product-type-simple"},"acf":[],"_links":{"self":[{"href":"https:\/\/www.roccia.ro\/ro\/wp-json\/wp\/v2\/product\/1957","targetHints":{"allow":["GET"]}}],"collection":[{"href":"https:\/\/www.roccia.ro\/ro\/wp-json\/wp\/v2\/product"}],"about":[{"href":"https:\/\/www.roccia.ro\/ro\/wp-json\/wp\/v2\/types\/product"}],"wp:featuredmedia":[{"embeddable":true,"href":"https:\/\/www.roccia.ro\/ro\/wp-json\/wp\/v2\/media\/1958"}],"wp:attachment":[{"href":"https:\/\/www.roccia.ro\/ro\/wp-json\/wp\/v2\/media?parent=1957"}],"wp:term":[{"taxonomy":"product_brand","embeddable":true,"href":"https:\/\/www.roccia.ro\/ro\/wp-json\/wp\/v2\/product_brand?post=1957"},{"taxonomy":"product_cat","embeddable":true,"href":"https:\/\/www.roccia.ro\/ro\/wp-json\/wp\/v2\/product_cat?post=1957"},{"taxonomy":"product_tag","embeddable":true,"href":"https:\/\/www.roccia.ro\/ro\/wp-json\/wp\/v2\/product_tag?post=1957"}],"curies":[{"name":"wp","href":"https:\/\/api.w.org\/{rel}","templated":true}]}}