
{"id":1959,"date":"2025-12-03T14:04:27","date_gmt":"2025-12-03T13:04:27","guid":{"rendered":"https:\/\/www.roccia.ro\/prodotti\/fara-categorie\/smirk\/"},"modified":"2026-01-21T11:58:53","modified_gmt":"2026-01-21T10:58:53","slug":"smirk","status":"publish","type":"product","link":"https:\/\/www.roccia.ro\/ro\/prodotti\/fotolii\/smirk\/","title":{"rendered":"Smirk"},"content":{"rendered":"","protected":false},"excerpt":{"rendered":"<p>Fotoliul <strong>SMIRK<\/strong> este alegerea ideal\u0103 pentru cei care caut\u0103 un fotoliu cu sp\u0103tar reglabil, design modern \u0219i stil unic.<\/p>\n<p>Conceput pentru a oferi confort maxim, <strong>Smirk<\/strong> are un sp\u0103tar reglabil care v\u0103 permite s\u0103 <strong>adapta\u021bi pozi\u021bia de scaun<\/strong> la diferite nevoi de relaxare.<\/p>\n<p>Mecanismul manual v\u0103 permite s\u0103 regla\u021bi \u00een\u0103l\u021bimea sp\u0103tarului, transform\u00e2nd fotoliul <strong>Smirk<\/strong> dintr-un <strong>fotoliu \u00eentr-un scaun<\/strong> (aproape) <strong>tip cup\u0103<\/strong> \u0219i ad\u0103ug\u00e2nd o not\u0103 de design pop, irriverent: datorit\u0103 acestui mecanism, fotoliul literalmente scoate limba.<\/p>\n<p>O alt\u0103 caracteristic\u0103 a acestui fotoliu este absen\u021ba cotiere, care, combinat\u0103 cu forma \u00eenv\u0103luitoare a scaunului, accentuat\u0103 de cus\u0103turi, \u0219i baza pivotant\u0103 special\u0103, care garanteaz\u0103 o rota\u021bie lin\u0103 \u00een toate direc\u021biile, asigur\u0103 o experien\u021b\u0103 de \u0219edere unic\u0103 \u0219i personalizat\u0103.<\/p>\n<p>Cu designul s\u0103u modern \u0219i op\u021biunile de personalizare, acest fotoliu se adapteaz\u0103 oric\u0103rui spa\u021biu \u0219i, datorit\u0103 suportului structurii sale, este conceput special pentru cei care lucreaz\u0103 de acas\u0103 \u0219i petrec multe ore la computer.<\/p>\n","protected":false},"featured_media":1960,"template":"","meta":{"_acf_changed":false,"inline_featured_image":false},"product_brand":[31],"product_cat":[58],"product_tag":[],"class_list":{"0":"post-1959","1":"product","2":"type-product","3":"status-publish","4":"has-post-thumbnail","6":"product_brand-egoitaliano","7":"product_cat-fotolii","9":"first","10":"instock","11":"product-type-simple"},"acf":[],"_links":{"self":[{"href":"https:\/\/www.roccia.ro\/ro\/wp-json\/wp\/v2\/product\/1959","targetHints":{"allow":["GET"]}}],"collection":[{"href":"https:\/\/www.roccia.ro\/ro\/wp-json\/wp\/v2\/product"}],"about":[{"href":"https:\/\/www.roccia.ro\/ro\/wp-json\/wp\/v2\/types\/product"}],"wp:featuredmedia":[{"embeddable":true,"href":"https:\/\/www.roccia.ro\/ro\/wp-json\/wp\/v2\/media\/1960"}],"wp:attachment":[{"href":"https:\/\/www.roccia.ro\/ro\/wp-json\/wp\/v2\/media?parent=1959"}],"wp:term":[{"taxonomy":"product_brand","embeddable":true,"href":"https:\/\/www.roccia.ro\/ro\/wp-json\/wp\/v2\/product_brand?post=1959"},{"taxonomy":"product_cat","embeddable":true,"href":"https:\/\/www.roccia.ro\/ro\/wp-json\/wp\/v2\/product_cat?post=1959"},{"taxonomy":"product_tag","embeddable":true,"href":"https:\/\/www.roccia.ro\/ro\/wp-json\/wp\/v2\/product_tag?post=1959"}],"curies":[{"name":"wp","href":"https:\/\/api.w.org\/{rel}","templated":true}]}}