
{"id":1991,"date":"2025-12-03T13:52:29","date_gmt":"2025-12-03T12:52:29","guid":{"rendered":"https:\/\/www.roccia.ro\/prodotti\/fara-categorie\/martina\/"},"modified":"2026-01-21T12:03:57","modified_gmt":"2026-01-21T11:03:57","slug":"martina","status":"publish","type":"product","link":"https:\/\/www.roccia.ro\/ro\/prodotti\/sufragerii\/comode\/martina\/","title":{"rendered":"Martina"},"content":{"rendered":"","protected":false},"excerpt":{"rendered":"<p><strong>Martina<\/strong> este un bufet cu linii \u0219i finisaje de \u00eenalt\u0103 clas\u0103, conceput pentru medii moderne care nu \u00ee\u0219i pierd niciodat\u0103 stilul.<br \/>\nSlogan: \u201eElegan\u021b\u0103 pentru camerele tale\u201d.<\/p>\n<p><strong>Caracteristici principale:<\/strong><\/p>\n<p><strong>Baz\u0103<\/strong>: metal vopsit (bronz sau negru, \u00een func\u021bie de versiune).<\/p>\n<p><strong>Corp \u0219i u\u0219i<\/strong>: l\u0103cuite (gri porumbel sau antracit).<\/p>\n<p><strong>Inser\u021bii<\/strong>: sticl\u0103 fumurie sau oglind\u0103 bronz, care adaug\u0103 str\u0103lucire \u0219i rafinament.<\/p>\n<p>&nbsp;<\/p>\n<p><strong>Variante prezentate:<\/strong><\/p>\n<p><strong>Versiunea A<\/strong>: baz\u0103 din metal vopsit negru, corp \u0219i u\u0219i l\u0103cuite antracit cu inser\u021bii din sticl\u0103 fumurie oglind\u0103.<\/p>\n<p><strong>Versiunea B<\/strong>: baz\u0103 din metal vopsit bronz, dulap \u0219i u\u0219i l\u0103cuite gri porumbel cu inser\u021bii din sticl\u0103 oglind\u0103 bronz.<\/p>\n<p><strong>Versiunea D<\/strong>: baz\u0103 din metal vopsit bronz, dulap \u0219i u\u0219i l\u0103cuite antracit cu inser\u021bii din sticl\u0103 oglind\u0103 bronz.<\/p>\n<p><strong>Versiunea<\/strong> <strong>E<\/strong>: dulap \u0219i u\u0219i l\u0103cuite antracit cu inser\u021bii din sticl\u0103 oglind\u0103 fumurie.<\/p>\n<p>&nbsp;<\/p>\n","protected":false},"featured_media":1992,"template":"","meta":{"_acf_changed":false,"inline_featured_image":false},"product_brand":[25],"product_cat":[52,43],"product_tag":[],"class_list":{"0":"post-1991","1":"product","2":"type-product","3":"status-publish","4":"has-post-thumbnail","6":"product_brand-zamagna","7":"product_cat-comode","8":"product_cat-sufragerii","10":"first","11":"instock","12":"product-type-simple"},"acf":[],"_links":{"self":[{"href":"https:\/\/www.roccia.ro\/ro\/wp-json\/wp\/v2\/product\/1991","targetHints":{"allow":["GET"]}}],"collection":[{"href":"https:\/\/www.roccia.ro\/ro\/wp-json\/wp\/v2\/product"}],"about":[{"href":"https:\/\/www.roccia.ro\/ro\/wp-json\/wp\/v2\/types\/product"}],"wp:featuredmedia":[{"embeddable":true,"href":"https:\/\/www.roccia.ro\/ro\/wp-json\/wp\/v2\/media\/1992"}],"wp:attachment":[{"href":"https:\/\/www.roccia.ro\/ro\/wp-json\/wp\/v2\/media?parent=1991"}],"wp:term":[{"taxonomy":"product_brand","embeddable":true,"href":"https:\/\/www.roccia.ro\/ro\/wp-json\/wp\/v2\/product_brand?post=1991"},{"taxonomy":"product_cat","embeddable":true,"href":"https:\/\/www.roccia.ro\/ro\/wp-json\/wp\/v2\/product_cat?post=1991"},{"taxonomy":"product_tag","embeddable":true,"href":"https:\/\/www.roccia.ro\/ro\/wp-json\/wp\/v2\/product_tag?post=1991"}],"curies":[{"name":"wp","href":"https:\/\/api.w.org\/{rel}","templated":true}]}}