
{"id":1994,"date":"2025-12-03T13:52:29","date_gmt":"2025-12-03T12:52:29","guid":{"rendered":"https:\/\/www.roccia.ro\/prodotti\/fara-categorie\/greta\/"},"modified":"2026-01-21T12:06:26","modified_gmt":"2026-01-21T11:06:26","slug":"greta","status":"publish","type":"product","link":"https:\/\/www.roccia.ro\/ro\/prodotti\/sufragerii\/comode\/greta\/","title":{"rendered":"Greta"},"content":{"rendered":"","protected":false},"excerpt":{"rendered":"<p><strong>Greta<\/strong> este un bufet caracterizat printr-un design elegant \u0219i contemporan, conceput pentru a atrage aten\u021bia datorit\u0103 numeroaselor sale posibilit\u0103\u021bi de configurare.<\/p>\n<p>Conceptul cheie este \u201eNuan\u021be ceramice\u201d, care v\u0103 invit\u0103 s\u0103 v\u0103 dezl\u0103n\u021bui\u021bi creativitatea cu combina\u021bii de finisaje \u0219i materiale.<\/p>\n<p>&nbsp;<\/p>\n<p><strong>Caracteristici principale:<\/strong><\/p>\n<p><strong>Baza<\/strong>: disponibil\u0103 \u00een metal vopsit (bronz, \u0219ampanie, titan, negru).<\/p>\n<p><strong>Dulap<\/strong>: poate fi l\u0103cuit (antracit, gri porumbel) sau furniruit \u00een lemn (nuc Canaletto, stejar \u00eenchis).<\/p>\n<p><strong>U\u0219i<\/strong>: realizate din ceramic\u0103 mat\u0103 sau lucioas\u0103 (culori precum Sahara Noir, Blanc de Blanc, Patagonia, Gold Beauty, Calacatta Oro Venato), cu inser\u021bii l\u0103cuite.<\/p>\n<p><strong>Stil<\/strong>: combina\u021bii de metal, lemn \u0219i ceramic\u0103 pentru a crea efecte sofisticate \u0219i personalizate.<\/p>\n<p>&nbsp;<\/p>\n<p><strong>Varia\u021bii:<\/strong><\/p>\n<p>Baz\u0103 din metal <strong>bronz<\/strong> D cu dulap din nuc <strong>Canaletto<\/strong> \u0219i u\u0219i din ceramic\u0103 mat\u0103 Sahara Noir.<\/p>\n<p>Baz\u0103 <strong>\u0219ampanie<\/strong> cu stejar \u00eenchis \u0219i u\u0219i din <strong>ceramic\u0103<\/strong> lucioas\u0103 Noir Desire.<\/p>\n<p><strong>Versiuni<\/strong> cu <strong>ceramic\u0103 lucioas\u0103<\/strong> <strong>Patagonia<\/strong>, <strong>mat\u0103<\/strong> <strong>Calacatta Oro Venato<\/strong>, <strong>mat\u0103 Blanc de Blanc<\/strong> etc.<\/p>\n<p><strong>Inser\u021bii<\/strong> l\u0103cuite pentru detalii fine.<\/p>\n<p>&nbsp;<\/p>\n","protected":false},"featured_media":1995,"template":"","meta":{"_acf_changed":false,"inline_featured_image":false},"product_brand":[25],"product_cat":[52,43],"product_tag":[],"class_list":{"0":"post-1994","1":"product","2":"type-product","3":"status-publish","4":"has-post-thumbnail","6":"product_brand-zamagna","7":"product_cat-comode","8":"product_cat-sufragerii","10":"first","11":"instock","12":"product-type-simple"},"acf":[],"_links":{"self":[{"href":"https:\/\/www.roccia.ro\/ro\/wp-json\/wp\/v2\/product\/1994","targetHints":{"allow":["GET"]}}],"collection":[{"href":"https:\/\/www.roccia.ro\/ro\/wp-json\/wp\/v2\/product"}],"about":[{"href":"https:\/\/www.roccia.ro\/ro\/wp-json\/wp\/v2\/types\/product"}],"wp:featuredmedia":[{"embeddable":true,"href":"https:\/\/www.roccia.ro\/ro\/wp-json\/wp\/v2\/media\/1995"}],"wp:attachment":[{"href":"https:\/\/www.roccia.ro\/ro\/wp-json\/wp\/v2\/media?parent=1994"}],"wp:term":[{"taxonomy":"product_brand","embeddable":true,"href":"https:\/\/www.roccia.ro\/ro\/wp-json\/wp\/v2\/product_brand?post=1994"},{"taxonomy":"product_cat","embeddable":true,"href":"https:\/\/www.roccia.ro\/ro\/wp-json\/wp\/v2\/product_cat?post=1994"},{"taxonomy":"product_tag","embeddable":true,"href":"https:\/\/www.roccia.ro\/ro\/wp-json\/wp\/v2\/product_tag?post=1994"}],"curies":[{"name":"wp","href":"https:\/\/api.w.org\/{rel}","templated":true}]}}