
{"id":1996,"date":"2025-12-03T13:52:29","date_gmt":"2025-12-03T12:52:29","guid":{"rendered":"https:\/\/www.roccia.ro\/prodotti\/fara-categorie\/gaia-2\/"},"modified":"2026-01-21T12:07:11","modified_gmt":"2026-01-21T11:07:11","slug":"gaia-2","status":"publish","type":"product","link":"https:\/\/www.roccia.ro\/ro\/prodotti\/sufragerii\/comode\/gaia-2\/","title":{"rendered":"Gaia"},"content":{"rendered":"","protected":false},"excerpt":{"rendered":"<p><strong>Gaia<\/strong> este un bufet inspirat din tehnicile de croitorie haute couture, explor\u00e2nd \u021bes\u0103turi \u0219i materiale pentru a crea un efect elegant \u0219i izbitor.<\/p>\n<p>Caracteristica distinctiv\u0103 este reprezentat\u0103 de butoanele acoperite cu \u021bes\u0103tur\u0103 de pe u\u0219i, care amintesc de detaliile haute couture.<\/p>\n<p>&nbsp;<\/p>\n<p><strong>Caracteristici principale:<\/strong><\/p>\n<p><strong>Baz\u0103<\/strong>: metal vopsit (bronz sau \u0219ampanie).<\/p>\n<p><strong>Corp \u0219i u\u0219i<\/strong>: l\u0103cuite (gri porumbel sau antracit).<\/p>\n<p><strong>Detaliu unic<\/strong>: butoane acoperite cu \u021bes\u0103tur\u0103 Wave, care adaug\u0103 o not\u0103 vestimentar\u0103.<\/p>\n<p><strong>Stil:<\/strong> linii curate \u0219i finisaje rafinate, cu un design care combin\u0103 elegan\u021ba \u0219i originalitatea.<\/p>\n<p><strong>Variante:<\/strong><\/p>\n<p><strong>Versiunea \u0219ampanie:<\/strong> baz\u0103 \u0219ampanie, corp \u0219i u\u0219i l\u0103cuite gri porumbel cu butoane acoperite cu \u021bes\u0103tur\u0103 Wave.<\/p>\n<p><strong>Versiunea bronz:<\/strong> baz\u0103 bronz, corp \u0219i u\u0219i l\u0103cuite antracit cu butoane acoperite cu \u021bes\u0103tur\u0103 Wave.<\/p>\n","protected":false},"featured_media":1997,"template":"","meta":{"_acf_changed":false,"inline_featured_image":false},"product_brand":[25],"product_cat":[52,43],"product_tag":[],"class_list":{"0":"post-1996","1":"product","2":"type-product","3":"status-publish","4":"has-post-thumbnail","6":"product_brand-zamagna","7":"product_cat-comode","8":"product_cat-sufragerii","10":"first","11":"instock","12":"product-type-simple"},"acf":[],"_links":{"self":[{"href":"https:\/\/www.roccia.ro\/ro\/wp-json\/wp\/v2\/product\/1996","targetHints":{"allow":["GET"]}}],"collection":[{"href":"https:\/\/www.roccia.ro\/ro\/wp-json\/wp\/v2\/product"}],"about":[{"href":"https:\/\/www.roccia.ro\/ro\/wp-json\/wp\/v2\/types\/product"}],"wp:featuredmedia":[{"embeddable":true,"href":"https:\/\/www.roccia.ro\/ro\/wp-json\/wp\/v2\/media\/1997"}],"wp:attachment":[{"href":"https:\/\/www.roccia.ro\/ro\/wp-json\/wp\/v2\/media?parent=1996"}],"wp:term":[{"taxonomy":"product_brand","embeddable":true,"href":"https:\/\/www.roccia.ro\/ro\/wp-json\/wp\/v2\/product_brand?post=1996"},{"taxonomy":"product_cat","embeddable":true,"href":"https:\/\/www.roccia.ro\/ro\/wp-json\/wp\/v2\/product_cat?post=1996"},{"taxonomy":"product_tag","embeddable":true,"href":"https:\/\/www.roccia.ro\/ro\/wp-json\/wp\/v2\/product_tag?post=1996"}],"curies":[{"name":"wp","href":"https:\/\/api.w.org\/{rel}","templated":true}]}}