
{"id":1998,"date":"2025-12-03T13:52:29","date_gmt":"2025-12-03T12:52:29","guid":{"rendered":"https:\/\/www.roccia.ro\/prodotti\/fara-categorie\/carla\/"},"modified":"2026-01-21T12:09:52","modified_gmt":"2026-01-21T11:09:52","slug":"carla","status":"publish","type":"product","link":"https:\/\/www.roccia.ro\/ro\/prodotti\/sufragerii\/comode\/carla\/","title":{"rendered":"Carla"},"content":{"rendered":"","protected":false},"excerpt":{"rendered":"<p><strong>Bufetul Carla<\/strong> este un bufet modern care poate fi asortat cu diverse mese din colec\u021bie:<\/p>\n<p><strong>Structur\u0103<\/strong>: baz\u0103 din <strong>metal vopsit<\/strong> (disponibil\u0103 \u00een diverse finisaje, precum titan, bronz, negru, \u0219ampanie).<br \/>\n<strong>Corp \u0219i u\u0219i<\/strong>: l\u0103cuite (culori precum antracit sau gri porumbel) cu<\/p>\n<p><strong>inser\u021bii decorative:<\/strong><br \/>\n<strong>din lemn striat<\/strong> (stejar \u00eenchis)<br \/>\nsau<strong> sticl\u0103 mat\u0103 lustruit\u0103<\/strong> sau <strong>ceramic\u0103<\/strong> (\u00een func\u021bie de versiune).<br \/>\n<strong>Design<\/strong>: linii curate, contemporane, concepute pentru a se asorta cu mesele \u0219i consolele din aceea\u0219i colec\u021bie.<br \/>\n<strong>Varia\u021bii<\/strong>: bufetul Carla este disponibil \u00een diverse combina\u021bii de finisaje asortate cu mese precum Leo, Fusion, Twist, Diapason \u0219i XL.<\/p>\n<p><strong>Exemple de configura\u021bii:<\/strong><\/p>\n<p>Baz\u0103 <strong>titan<\/strong>, corp <strong>antracit<\/strong>, inser\u021bii din <strong>stejar \u00eenchis<\/strong> tratat termic.<br \/>\nBaz\u0103 <strong>bronz<\/strong>, corp gri <strong>porumbel<\/strong>, inser\u021bii din <strong>bronz<\/strong> periat.<br \/>\nBaz\u0103 <strong>neagr\u0103<\/strong>, corp <strong>antracit<\/strong>, inser\u021bii din <strong>ceramic\u0103 lustruit\u0103<\/strong> blanc de blanc.<\/p>\n","protected":false},"featured_media":1999,"template":"","meta":{"_acf_changed":false,"inline_featured_image":false},"product_brand":[25],"product_cat":[52],"product_tag":[],"class_list":{"0":"post-1998","1":"product","2":"type-product","3":"status-publish","4":"has-post-thumbnail","6":"product_brand-zamagna","7":"product_cat-comode","9":"first","10":"instock","11":"product-type-simple"},"acf":[],"_links":{"self":[{"href":"https:\/\/www.roccia.ro\/ro\/wp-json\/wp\/v2\/product\/1998","targetHints":{"allow":["GET"]}}],"collection":[{"href":"https:\/\/www.roccia.ro\/ro\/wp-json\/wp\/v2\/product"}],"about":[{"href":"https:\/\/www.roccia.ro\/ro\/wp-json\/wp\/v2\/types\/product"}],"wp:featuredmedia":[{"embeddable":true,"href":"https:\/\/www.roccia.ro\/ro\/wp-json\/wp\/v2\/media\/1999"}],"wp:attachment":[{"href":"https:\/\/www.roccia.ro\/ro\/wp-json\/wp\/v2\/media?parent=1998"}],"wp:term":[{"taxonomy":"product_brand","embeddable":true,"href":"https:\/\/www.roccia.ro\/ro\/wp-json\/wp\/v2\/product_brand?post=1998"},{"taxonomy":"product_cat","embeddable":true,"href":"https:\/\/www.roccia.ro\/ro\/wp-json\/wp\/v2\/product_cat?post=1998"},{"taxonomy":"product_tag","embeddable":true,"href":"https:\/\/www.roccia.ro\/ro\/wp-json\/wp\/v2\/product_tag?post=1998"}],"curies":[{"name":"wp","href":"https:\/\/api.w.org\/{rel}","templated":true}]}}