
{"id":2000,"date":"2025-12-03T13:52:29","date_gmt":"2025-12-03T12:52:29","guid":{"rendered":"https:\/\/www.roccia.ro\/prodotti\/fara-categorie\/zenith\/"},"modified":"2026-01-21T12:10:26","modified_gmt":"2026-01-21T11:10:26","slug":"zenith","status":"publish","type":"product","link":"https:\/\/www.roccia.ro\/ro\/prodotti\/sufragerii\/console\/zenith\/","title":{"rendered":"Zenith"},"content":{"rendered":"","protected":false},"excerpt":{"rendered":"<p><strong>Zenith<\/strong> este o mas\u0103 consol\u0103 elegant\u0103 \u0219i func\u021bional\u0103, conceput\u0103 pentru spa\u021bii mici, dar capabil\u0103 s\u0103 se transforme \u00eentr-o mas\u0103 lung\u0103 datorit\u0103 sistemului s\u0103u de extensie.<\/p>\n<p><strong>Tip:<\/strong> mas\u0103 consol\u0103 extensibil\u0103.<br \/>\n<strong>Structur\u0103<\/strong>: baz\u0103 metalic\u0103 vopsit\u0103 \u00een diverse finisaje, cu inser\u021bie nervurat\u0103 din nuc Canaletto sau stejar \u00eenchis tratat termic.<br \/>\n<strong>Mecanism<\/strong>: ghidaj telescopic din aluminiu cu suport central automat.<br \/>\n<strong>Blat \u0219i extensii<\/strong>: melamin\u0103, disponibil\u0103 \u00een diverse finisaje.<br \/>\n<strong>Dimensiuni<\/strong>:<br \/>\n\u00cenchis: L. 90 \u00d7 A. 50 \u00d7 \u00ce. 75 cm<br \/>\nDeschis\u0103: L. 25 + 50 + 50 + 50 + 50 + 50 + 25 cm (deci foarte extensibil\u0103).<\/p>\n<p><strong>Design<\/strong>: de Giacinto Muto.<br \/>\n<strong>Exemplu de finisaj<\/strong>: baz\u0103 din bronz cu inser\u021bii din stejar \u00eenchis tratat termic, blat \u0219i extensii din melamin\u0103 de nuc tratat termic.<\/p>\n","protected":false},"featured_media":2001,"template":"","meta":{"_acf_changed":false,"inline_featured_image":false},"product_brand":[25],"product_cat":[50],"product_tag":[],"class_list":{"0":"post-2000","1":"product","2":"type-product","3":"status-publish","4":"has-post-thumbnail","6":"product_brand-zamagna","7":"product_cat-console","9":"first","10":"instock","11":"product-type-simple"},"acf":[],"_links":{"self":[{"href":"https:\/\/www.roccia.ro\/ro\/wp-json\/wp\/v2\/product\/2000","targetHints":{"allow":["GET"]}}],"collection":[{"href":"https:\/\/www.roccia.ro\/ro\/wp-json\/wp\/v2\/product"}],"about":[{"href":"https:\/\/www.roccia.ro\/ro\/wp-json\/wp\/v2\/types\/product"}],"wp:featuredmedia":[{"embeddable":true,"href":"https:\/\/www.roccia.ro\/ro\/wp-json\/wp\/v2\/media\/2001"}],"wp:attachment":[{"href":"https:\/\/www.roccia.ro\/ro\/wp-json\/wp\/v2\/media?parent=2000"}],"wp:term":[{"taxonomy":"product_brand","embeddable":true,"href":"https:\/\/www.roccia.ro\/ro\/wp-json\/wp\/v2\/product_brand?post=2000"},{"taxonomy":"product_cat","embeddable":true,"href":"https:\/\/www.roccia.ro\/ro\/wp-json\/wp\/v2\/product_cat?post=2000"},{"taxonomy":"product_tag","embeddable":true,"href":"https:\/\/www.roccia.ro\/ro\/wp-json\/wp\/v2\/product_tag?post=2000"}],"curies":[{"name":"wp","href":"https:\/\/api.w.org\/{rel}","templated":true}]}}