
{"id":2002,"date":"2025-12-03T13:52:29","date_gmt":"2025-12-03T12:52:29","guid":{"rendered":"https:\/\/www.roccia.ro\/prodotti\/fara-categorie\/x-file\/"},"modified":"2026-01-21T12:11:13","modified_gmt":"2026-01-21T11:11:13","slug":"x-file","status":"publish","type":"product","link":"https:\/\/www.roccia.ro\/ro\/prodotti\/sufragerii\/console\/x-file\/","title":{"rendered":"X-File"},"content":{"rendered":"","protected":false},"excerpt":{"rendered":"<p><strong>X-File<\/strong> este o <strong>mas\u0103 consol\u0103<\/strong> elegant\u0103 \u0219i func\u021bional\u0103, conceput\u0103 pentru spa\u021bii mici, dar care se poate transforma \u00eentr-o mas\u0103 lung\u0103 datorit\u0103 sistemului s\u0103u de extensie.<\/p>\n<p><strong>Structur\u0103<\/strong>: baz\u0103 din metal vopsit, disponibil\u0103 \u00een diferite finisaje (\u0219ampanie, negru, titan, bronz).<br \/>\n<strong>Blat \u0219i extensii<\/strong>: din melamin\u0103, cu diverse finisaje, precum:<\/p>\n<p>Stejar noduros natural<br \/>\nStejar noduros coniac<br \/>\nBeton periat gri deschis<\/p>\n<p><strong>Mecanism<\/strong>: ghidaj telescopic din aluminiu \u0219i suport central pivotant pentru extensie.<br \/>\n<strong>Dimensiuni<\/strong>:<br \/>\n<strong>\u00cenchis<\/strong>: L. 90 \u00d7 A. 40 \u00d7 H. 75 cm<br \/>\n<strong>Deschis<\/strong>: L. 20 + 50 + 50 + 50 + 50 + 50 + 20 cm<\/p>\n<p><strong>Design<\/strong>: de Zamagna LAB.<\/p>\n","protected":false},"featured_media":1884,"template":"","meta":{"_acf_changed":false,"inline_featured_image":false},"product_brand":[25],"product_cat":[50,43],"product_tag":[],"class_list":{"0":"post-2002","1":"product","2":"type-product","3":"status-publish","4":"has-post-thumbnail","6":"product_brand-zamagna","7":"product_cat-console","8":"product_cat-sufragerii","10":"first","11":"instock","12":"product-type-simple"},"acf":[],"_links":{"self":[{"href":"https:\/\/www.roccia.ro\/ro\/wp-json\/wp\/v2\/product\/2002","targetHints":{"allow":["GET"]}}],"collection":[{"href":"https:\/\/www.roccia.ro\/ro\/wp-json\/wp\/v2\/product"}],"about":[{"href":"https:\/\/www.roccia.ro\/ro\/wp-json\/wp\/v2\/types\/product"}],"wp:featuredmedia":[{"embeddable":true,"href":"https:\/\/www.roccia.ro\/ro\/wp-json\/wp\/v2\/media\/1884"}],"wp:attachment":[{"href":"https:\/\/www.roccia.ro\/ro\/wp-json\/wp\/v2\/media?parent=2002"}],"wp:term":[{"taxonomy":"product_brand","embeddable":true,"href":"https:\/\/www.roccia.ro\/ro\/wp-json\/wp\/v2\/product_brand?post=2002"},{"taxonomy":"product_cat","embeddable":true,"href":"https:\/\/www.roccia.ro\/ro\/wp-json\/wp\/v2\/product_cat?post=2002"},{"taxonomy":"product_tag","embeddable":true,"href":"https:\/\/www.roccia.ro\/ro\/wp-json\/wp\/v2\/product_tag?post=2002"}],"curies":[{"name":"wp","href":"https:\/\/api.w.org\/{rel}","templated":true}]}}