
{"id":2003,"date":"2025-12-03T13:52:29","date_gmt":"2025-12-03T12:52:29","guid":{"rendered":"https:\/\/www.roccia.ro\/prodotti\/fara-categorie\/leo\/"},"modified":"2026-01-21T12:11:52","modified_gmt":"2026-01-21T11:11:52","slug":"leo","status":"publish","type":"product","link":"https:\/\/www.roccia.ro\/ro\/prodotti\/sufragerii\/console\/leo\/","title":{"rendered":"Leo"},"content":{"rendered":"","protected":false},"excerpt":{"rendered":"<p><strong>Leo<\/strong> este o <strong>mas\u0103 consol\u0103<\/strong> elegant\u0103 \u0219i versatil\u0103, cu structur\u0103 metalic\u0103 \u0219i blaturi personalizabile din materiale de \u00eenalt\u0103 calitate, precum sticl\u0103-ceramic\u0103 sau lemn.<\/p>\n<p><strong>Tip<\/strong>: Mas\u0103 consol\u0103 fix\u0103.<br \/>\n<strong>Dimensiuni<\/strong>: L. 140 \u00d7 A. 45 \u00d7 \u00ce. 75 cm.<br \/>\n<strong>Structur\u0103<\/strong>: Baz\u0103 din metal vopsit, disponibil\u0103 \u00een diferite finisaje.<br \/>\n<strong>Blaturi<\/strong>: Disponibile \u00een numeroase materiale \u0219i finisaje.<br \/>\n<strong>Designer<\/strong>: Giacinto Muto.<\/p>\n<p><strong>Variante prezentate<\/strong>:<br \/>\nBaz\u0103 neagr\u0103 cu blat profilat furniruit \u00een nuc Canaletto, margine evazat\u0103 de 3 cm.<br \/>\nBaz\u0103 bronz cu blat profilat din sticl\u0103 ceramic\u0103 mat\u0103 blanc de blanc.<br \/>\nBaz\u0103 titan cu blat profilat din sticl\u0103 ceramic\u0103 lucioas\u0103 onix chihlimbar.<br \/>\nBaz\u0103 \u0219ampanie cu blat profilat din sticl\u0103 ceramic\u0103 lucioas\u0103 calacatta auriu venat.<\/p>\n<p>&nbsp;<\/p>\n","protected":false},"featured_media":2004,"template":"","meta":{"_acf_changed":false,"inline_featured_image":false},"product_brand":[25],"product_cat":[50,43],"product_tag":[],"class_list":{"0":"post-2003","1":"product","2":"type-product","3":"status-publish","4":"has-post-thumbnail","6":"product_brand-zamagna","7":"product_cat-console","8":"product_cat-sufragerii","10":"first","11":"instock","12":"product-type-simple"},"acf":[],"_links":{"self":[{"href":"https:\/\/www.roccia.ro\/ro\/wp-json\/wp\/v2\/product\/2003","targetHints":{"allow":["GET"]}}],"collection":[{"href":"https:\/\/www.roccia.ro\/ro\/wp-json\/wp\/v2\/product"}],"about":[{"href":"https:\/\/www.roccia.ro\/ro\/wp-json\/wp\/v2\/types\/product"}],"wp:featuredmedia":[{"embeddable":true,"href":"https:\/\/www.roccia.ro\/ro\/wp-json\/wp\/v2\/media\/2004"}],"wp:attachment":[{"href":"https:\/\/www.roccia.ro\/ro\/wp-json\/wp\/v2\/media?parent=2003"}],"wp:term":[{"taxonomy":"product_brand","embeddable":true,"href":"https:\/\/www.roccia.ro\/ro\/wp-json\/wp\/v2\/product_brand?post=2003"},{"taxonomy":"product_cat","embeddable":true,"href":"https:\/\/www.roccia.ro\/ro\/wp-json\/wp\/v2\/product_cat?post=2003"},{"taxonomy":"product_tag","embeddable":true,"href":"https:\/\/www.roccia.ro\/ro\/wp-json\/wp\/v2\/product_tag?post=2003"}],"curies":[{"name":"wp","href":"https:\/\/api.w.org\/{rel}","templated":true}]}}