
{"id":2005,"date":"2025-12-03T13:52:29","date_gmt":"2025-12-03T12:52:29","guid":{"rendered":"https:\/\/www.roccia.ro\/prodotti\/fara-categorie\/igor\/"},"modified":"2026-01-21T12:12:31","modified_gmt":"2026-01-21T11:12:31","slug":"igor","status":"publish","type":"product","link":"https:\/\/www.roccia.ro\/ro\/prodotti\/sufragerii\/console\/igor\/","title":{"rendered":"Igor"},"content":{"rendered":"","protected":false},"excerpt":{"rendered":"<p><strong>Igor este<\/strong> o <strong>mas\u0103 consol\u0103<\/strong> elegant\u0103 \u0219i versatil\u0103, cu structur\u0103 metalic\u0103 \u0219i blaturi personalizabile din materiale de \u00eenalt\u0103 calitate, precum sticl\u0103-ceramic\u0103 sau lemn masiv.<\/p>\n<p><strong>Tip<\/strong>: Mas\u0103 consol\u0103 fix\u0103.<br \/>\n<strong>Dimensiuni<\/strong>: L. 140 \u00d7 A. 45 \u00d7 \u00ce. 75 cm.<br \/>\n<strong>Structur\u0103<\/strong>: Baz\u0103 din metal vopsit, disponibil\u0103 \u00een diferite finisaje.<br \/>\n<strong>Blaturi<\/strong>: Disponibile \u00een numeroase materiale \u0219i finisaje.<br \/>\n<strong>Designer<\/strong>: Giacinto Muto.<\/p>\n<p><strong>Variante prezentate:<\/strong><br \/>\nBaz\u0103 Champagne cu blat profilat din sticl\u0103 ceramic\u0103 lucioas\u0103 de culoare chihlimbar onix.<br \/>\nBaz\u0103 Bronze cu blat dreptunghiular din stejar masiv cu margine de 40 mm, vopsit \u00een stejar \u00eenchis termo-copt.<br \/>\nBaz\u0103 Titanium cu blat profilat din sticl\u0103 ceramic\u0103 lucioas\u0103 de culoare noir desire.<br \/>\nBaz\u0103 Black cu blat profilat din sticl\u0103 ceramic\u0103 lucioas\u0103 de culoare pietra grey.<\/p>\n","protected":false},"featured_media":2006,"template":"","meta":{"_acf_changed":false,"inline_featured_image":false},"product_brand":[25],"product_cat":[50,43],"product_tag":[],"class_list":{"0":"post-2005","1":"product","2":"type-product","3":"status-publish","4":"has-post-thumbnail","6":"product_brand-zamagna","7":"product_cat-console","8":"product_cat-sufragerii","10":"first","11":"instock","12":"product-type-simple"},"acf":[],"_links":{"self":[{"href":"https:\/\/www.roccia.ro\/ro\/wp-json\/wp\/v2\/product\/2005","targetHints":{"allow":["GET"]}}],"collection":[{"href":"https:\/\/www.roccia.ro\/ro\/wp-json\/wp\/v2\/product"}],"about":[{"href":"https:\/\/www.roccia.ro\/ro\/wp-json\/wp\/v2\/types\/product"}],"wp:featuredmedia":[{"embeddable":true,"href":"https:\/\/www.roccia.ro\/ro\/wp-json\/wp\/v2\/media\/2006"}],"wp:attachment":[{"href":"https:\/\/www.roccia.ro\/ro\/wp-json\/wp\/v2\/media?parent=2005"}],"wp:term":[{"taxonomy":"product_brand","embeddable":true,"href":"https:\/\/www.roccia.ro\/ro\/wp-json\/wp\/v2\/product_brand?post=2005"},{"taxonomy":"product_cat","embeddable":true,"href":"https:\/\/www.roccia.ro\/ro\/wp-json\/wp\/v2\/product_cat?post=2005"},{"taxonomy":"product_tag","embeddable":true,"href":"https:\/\/www.roccia.ro\/ro\/wp-json\/wp\/v2\/product_tag?post=2005"}],"curies":[{"name":"wp","href":"https:\/\/api.w.org\/{rel}","templated":true}]}}