
{"id":2007,"date":"2025-12-03T13:52:29","date_gmt":"2025-12-03T12:52:29","guid":{"rendered":"https:\/\/www.roccia.ro\/prodotti\/fara-categorie\/mozart\/"},"modified":"2026-01-21T12:13:42","modified_gmt":"2026-01-21T11:13:42","slug":"mozart","status":"publish","type":"product","link":"https:\/\/www.roccia.ro\/ro\/prodotti\/sufragerii\/comode\/mozart\/","title":{"rendered":"Mozart"},"content":{"rendered":"","protected":false},"excerpt":{"rendered":"<p><strong>Bufetul Mozart<\/strong> este o pies\u0103 de mobilier elegant\u0103 \u0219i rafinat\u0103, caracterizat\u0103 printr-o combina\u021bie de materiale fine, precum sticla t\u0103iat\u0103 \u0219i lemnul, cu detalii metalice care \u00eei accentueaz\u0103 stilul contemporan.<\/p>\n<p><strong>Caracteristici principale:<\/strong><\/p>\n<p><strong>Baza:<\/strong><\/p>\n<ul>\n<li><strong>Versiunea D:<\/strong> metal vopsit \u00een bronz.<\/li>\n<li><strong>Versiunea B<\/strong>: metal vopsit \u00een negru.<\/li>\n<\/ul>\n<p><strong>Corp<\/strong>:<\/p>\n<ul>\n<li><strong>Lac taup<\/strong> (pentru versiunea bronz).<\/li>\n<li>Furnir de nuc <strong>Canaletto<\/strong> (pentru versiunea neagr\u0103).<\/li>\n<\/ul>\n<p><strong>U\u0219i<\/strong>:<\/p>\n<p>Sticl\u0103 t\u0103iat\u0103 oglindit\u0103 \u0219i sablat\u0103 bronz (pentru versiunea bronz).<\/p>\n<p>Sticl\u0103 t\u0103iat\u0103 bronz (pentru versiunea neagr\u0103).<\/p>\n<p>&nbsp;<\/p>\n","protected":false},"featured_media":2008,"template":"","meta":{"_acf_changed":false,"inline_featured_image":false},"product_brand":[25],"product_cat":[52,43],"product_tag":[],"class_list":{"0":"post-2007","1":"product","2":"type-product","3":"status-publish","4":"has-post-thumbnail","6":"product_brand-zamagna","7":"product_cat-comode","8":"product_cat-sufragerii","10":"first","11":"instock","12":"product-type-simple"},"acf":[],"_links":{"self":[{"href":"https:\/\/www.roccia.ro\/ro\/wp-json\/wp\/v2\/product\/2007","targetHints":{"allow":["GET"]}}],"collection":[{"href":"https:\/\/www.roccia.ro\/ro\/wp-json\/wp\/v2\/product"}],"about":[{"href":"https:\/\/www.roccia.ro\/ro\/wp-json\/wp\/v2\/types\/product"}],"wp:featuredmedia":[{"embeddable":true,"href":"https:\/\/www.roccia.ro\/ro\/wp-json\/wp\/v2\/media\/2008"}],"wp:attachment":[{"href":"https:\/\/www.roccia.ro\/ro\/wp-json\/wp\/v2\/media?parent=2007"}],"wp:term":[{"taxonomy":"product_brand","embeddable":true,"href":"https:\/\/www.roccia.ro\/ro\/wp-json\/wp\/v2\/product_brand?post=2007"},{"taxonomy":"product_cat","embeddable":true,"href":"https:\/\/www.roccia.ro\/ro\/wp-json\/wp\/v2\/product_cat?post=2007"},{"taxonomy":"product_tag","embeddable":true,"href":"https:\/\/www.roccia.ro\/ro\/wp-json\/wp\/v2\/product_tag?post=2007"}],"curies":[{"name":"wp","href":"https:\/\/api.w.org\/{rel}","templated":true}]}}