
{"id":2040,"date":"2025-12-03T13:52:29","date_gmt":"2025-12-03T12:52:29","guid":{"rendered":"https:\/\/www.roccia.ro\/prodotti\/fara-categorie\/onda\/"},"modified":"2026-01-21T12:17:16","modified_gmt":"2026-01-21T11:17:16","slug":"onda","status":"publish","type":"product","link":"https:\/\/www.roccia.ro\/ro\/prodotti\/sufragerii\/comode\/onda\/","title":{"rendered":"Onda"},"content":{"rendered":"","protected":false},"excerpt":{"rendered":"<p><strong>Comoda<\/strong> <strong>Onda<\/strong> este o pies\u0103 de mobilier elegant\u0103 \u0219i modern\u0103, caracterizat\u0103 prin linii curate \u0219i materiale de \u00eenalt\u0103 calitate. Designul se remarc\u0103 prin utilizarea sticlei lustruite \u00een bronz, care confer\u0103 str\u0103lucire \u0219i rafinament.<\/p>\n<p><strong>Caracteristici principale:<\/strong><\/p>\n<p><strong>Baz\u0103<\/strong>: metal vopsit \u00een bronz (versiunea D).<\/p>\n<p><strong>Corp<\/strong>: l\u0103cuit antracit.<\/p>\n<p><strong>U\u0219i<\/strong>: sticl\u0103 lustruit\u0103 bronz.<\/p>\n","protected":false},"featured_media":2041,"template":"","meta":{"_acf_changed":false,"inline_featured_image":false},"product_brand":[25],"product_cat":[52,43],"product_tag":[],"class_list":{"0":"post-2040","1":"product","2":"type-product","3":"status-publish","4":"has-post-thumbnail","6":"product_brand-zamagna","7":"product_cat-comode","8":"product_cat-sufragerii","10":"first","11":"instock","12":"product-type-simple"},"acf":[],"_links":{"self":[{"href":"https:\/\/www.roccia.ro\/ro\/wp-json\/wp\/v2\/product\/2040","targetHints":{"allow":["GET"]}}],"collection":[{"href":"https:\/\/www.roccia.ro\/ro\/wp-json\/wp\/v2\/product"}],"about":[{"href":"https:\/\/www.roccia.ro\/ro\/wp-json\/wp\/v2\/types\/product"}],"wp:featuredmedia":[{"embeddable":true,"href":"https:\/\/www.roccia.ro\/ro\/wp-json\/wp\/v2\/media\/2041"}],"wp:attachment":[{"href":"https:\/\/www.roccia.ro\/ro\/wp-json\/wp\/v2\/media?parent=2040"}],"wp:term":[{"taxonomy":"product_brand","embeddable":true,"href":"https:\/\/www.roccia.ro\/ro\/wp-json\/wp\/v2\/product_brand?post=2040"},{"taxonomy":"product_cat","embeddable":true,"href":"https:\/\/www.roccia.ro\/ro\/wp-json\/wp\/v2\/product_cat?post=2040"},{"taxonomy":"product_tag","embeddable":true,"href":"https:\/\/www.roccia.ro\/ro\/wp-json\/wp\/v2\/product_tag?post=2040"}],"curies":[{"name":"wp","href":"https:\/\/api.w.org\/{rel}","templated":true}]}}