
{"id":2047,"date":"2025-12-03T13:52:29","date_gmt":"2025-12-03T12:52:29","guid":{"rendered":"https:\/\/www.roccia.ro\/prodotti\/fara-categorie\/bianca\/"},"modified":"2026-01-21T12:20:10","modified_gmt":"2026-01-21T11:20:10","slug":"bianca","status":"publish","type":"product","link":"https:\/\/www.roccia.ro\/ro\/prodotti\/sufragerii\/scaune\/bianca\/","title":{"rendered":"Bianca"},"content":{"rendered":"","protected":false},"excerpt":{"rendered":"<p>Scaun disponibil cu sau f\u0103r\u0103 cotiere, \u00een diverse materiale \u0219i finisaje.<br \/>\nSCAUN <strong>WHITE-A<\/strong><br \/>\nBaz\u0103 <strong>metalic\u0103<\/strong> vopsit\u0103 \u00een culoarea <strong>\u0219ampaniei<\/strong>.<\/p>\n<p>SCAUN <strong>WHITE-B<\/strong><br \/>\nBaz\u0103 <strong>metalic\u0103<\/strong> vopsit\u0103 \u00een culoarea titanului \u0219i scaunul tapi\u021bat cu<br \/>\n<strong>Joint<\/strong><\/p>\n<p>&nbsp;<\/p>\n","protected":false},"featured_media":2048,"template":"","meta":{"_acf_changed":false,"inline_featured_image":false},"product_brand":[25],"product_cat":[53,43],"product_tag":[],"class_list":{"0":"post-2047","1":"product","2":"type-product","3":"status-publish","4":"has-post-thumbnail","6":"product_brand-zamagna","7":"product_cat-scaune","8":"product_cat-sufragerii","10":"first","11":"instock","12":"product-type-simple"},"acf":[],"_links":{"self":[{"href":"https:\/\/www.roccia.ro\/ro\/wp-json\/wp\/v2\/product\/2047","targetHints":{"allow":["GET"]}}],"collection":[{"href":"https:\/\/www.roccia.ro\/ro\/wp-json\/wp\/v2\/product"}],"about":[{"href":"https:\/\/www.roccia.ro\/ro\/wp-json\/wp\/v2\/types\/product"}],"wp:featuredmedia":[{"embeddable":true,"href":"https:\/\/www.roccia.ro\/ro\/wp-json\/wp\/v2\/media\/2048"}],"wp:attachment":[{"href":"https:\/\/www.roccia.ro\/ro\/wp-json\/wp\/v2\/media?parent=2047"}],"wp:term":[{"taxonomy":"product_brand","embeddable":true,"href":"https:\/\/www.roccia.ro\/ro\/wp-json\/wp\/v2\/product_brand?post=2047"},{"taxonomy":"product_cat","embeddable":true,"href":"https:\/\/www.roccia.ro\/ro\/wp-json\/wp\/v2\/product_cat?post=2047"},{"taxonomy":"product_tag","embeddable":true,"href":"https:\/\/www.roccia.ro\/ro\/wp-json\/wp\/v2\/product_tag?post=2047"}],"curies":[{"name":"wp","href":"https:\/\/api.w.org\/{rel}","templated":true}]}}