
{"id":2058,"date":"2025-12-03T13:52:29","date_gmt":"2025-12-03T12:52:29","guid":{"rendered":"https:\/\/www.roccia.ro\/prodotti\/fara-categorie\/duke\/"},"modified":"2026-01-21T12:23:14","modified_gmt":"2026-01-21T11:23:14","slug":"duke","status":"publish","type":"product","link":"https:\/\/www.roccia.ro\/ro\/prodotti\/sufragerii\/scaune\/duke\/","title":{"rendered":"Duke"},"content":{"rendered":"","protected":false},"excerpt":{"rendered":"<p>SCAUN <strong>DUKE-A<\/strong><br \/>\nBaz\u0103 din <strong>metal<\/strong> vopsit \u00een culoarea <strong>\u0219ampaniei<\/strong> \u0219i scaunul tapi\u021bat cu piele <strong>Zenith<\/strong><\/p>\n<p>SCAUN DUKE-B<br \/>\nBaz\u0103 din <strong>metal<\/strong> vopsit \u00een culoarea <strong>\u0219ampaniei<\/strong> \u0219i scaunul tapi\u021bat cu \u021bes\u0103tur\u0103 boucl\u00e9 <strong>Sogno<\/strong><\/p>\n","protected":false},"featured_media":2060,"template":"","meta":{"_acf_changed":false,"inline_featured_image":false},"product_brand":[25],"product_cat":[53,43],"product_tag":[],"class_list":{"0":"post-2058","1":"product","2":"type-product","3":"status-publish","4":"has-post-thumbnail","6":"product_brand-zamagna","7":"product_cat-scaune","8":"product_cat-sufragerii","10":"first","11":"instock","12":"product-type-simple"},"acf":[],"_links":{"self":[{"href":"https:\/\/www.roccia.ro\/ro\/wp-json\/wp\/v2\/product\/2058","targetHints":{"allow":["GET"]}}],"collection":[{"href":"https:\/\/www.roccia.ro\/ro\/wp-json\/wp\/v2\/product"}],"about":[{"href":"https:\/\/www.roccia.ro\/ro\/wp-json\/wp\/v2\/types\/product"}],"wp:featuredmedia":[{"embeddable":true,"href":"https:\/\/www.roccia.ro\/ro\/wp-json\/wp\/v2\/media\/2060"}],"wp:attachment":[{"href":"https:\/\/www.roccia.ro\/ro\/wp-json\/wp\/v2\/media?parent=2058"}],"wp:term":[{"taxonomy":"product_brand","embeddable":true,"href":"https:\/\/www.roccia.ro\/ro\/wp-json\/wp\/v2\/product_brand?post=2058"},{"taxonomy":"product_cat","embeddable":true,"href":"https:\/\/www.roccia.ro\/ro\/wp-json\/wp\/v2\/product_cat?post=2058"},{"taxonomy":"product_tag","embeddable":true,"href":"https:\/\/www.roccia.ro\/ro\/wp-json\/wp\/v2\/product_tag?post=2058"}],"curies":[{"name":"wp","href":"https:\/\/api.w.org\/{rel}","templated":true}]}}