
{"id":2306,"date":"2025-12-01T16:04:23","date_gmt":"2025-12-01T15:04:23","guid":{"rendered":"https:\/\/www.roccia.ro\/prodotti\/fara-categorie\/stella-luxury\/"},"modified":"2026-01-21T15:17:14","modified_gmt":"2026-01-21T14:17:14","slug":"stella-luxury","status":"publish","type":"product","link":"https:\/\/www.roccia.ro\/ro\/prodotti\/dormitoare\/stella-luxury\/","title":{"rendered":"Stella Luxury"},"content":{"rendered":"","protected":false},"excerpt":{"rendered":"<p>Stella Luxury: opulen\u021b\u0103 m\u0103surat\u0103, materiale selecte \u0219i propor\u021bii armonioase.<\/p>\n","protected":false},"featured_media":2307,"template":"","meta":{"_acf_changed":false,"inline_featured_image":false},"product_brand":[23],"product_cat":[47],"product_tag":[],"class_list":{"0":"post-2306","1":"product","2":"type-product","3":"status-publish","4":"has-post-thumbnail","6":"product_brand-roccia","7":"product_cat-dormitoare","9":"first","10":"instock","11":"featured","12":"product-type-simple"},"acf":[],"_links":{"self":[{"href":"https:\/\/www.roccia.ro\/ro\/wp-json\/wp\/v2\/product\/2306","targetHints":{"allow":["GET"]}}],"collection":[{"href":"https:\/\/www.roccia.ro\/ro\/wp-json\/wp\/v2\/product"}],"about":[{"href":"https:\/\/www.roccia.ro\/ro\/wp-json\/wp\/v2\/types\/product"}],"wp:featuredmedia":[{"embeddable":true,"href":"https:\/\/www.roccia.ro\/ro\/wp-json\/wp\/v2\/media\/2307"}],"wp:attachment":[{"href":"https:\/\/www.roccia.ro\/ro\/wp-json\/wp\/v2\/media?parent=2306"}],"wp:term":[{"taxonomy":"product_brand","embeddable":true,"href":"https:\/\/www.roccia.ro\/ro\/wp-json\/wp\/v2\/product_brand?post=2306"},{"taxonomy":"product_cat","embeddable":true,"href":"https:\/\/www.roccia.ro\/ro\/wp-json\/wp\/v2\/product_cat?post=2306"},{"taxonomy":"product_tag","embeddable":true,"href":"https:\/\/www.roccia.ro\/ro\/wp-json\/wp\/v2\/product_tag?post=2306"}],"curies":[{"name":"wp","href":"https:\/\/api.w.org\/{rel}","templated":true}]}}