
{"id":2310,"date":"2025-12-01T16:04:23","date_gmt":"2025-12-01T15:04:23","guid":{"rendered":"https:\/\/www.roccia.ro\/prodotti\/fara-categorie\/cb08-firm-v7-tencel\/"},"modified":"2026-01-21T15:17:52","modified_gmt":"2026-01-21T14:17:52","slug":"cb08-firm-v7-tencel","status":"publish","type":"product","link":"https:\/\/www.roccia.ro\/ro\/prodotti\/saltele\/cb08-firm-v7-tencel\/","title":{"rendered":"CB08 FIRM V7 TENCEL"},"content":{"rendered":"","protected":false},"excerpt":{"rendered":"<p>SALTEA CU 2 STRATURI &#8211; 1 STRAT H18 7 ZONE DIFEREN\u021aIATE + 5 CM MEMORY WL50VE Saltea stratificat\u0103 conceput\u0103 pentru a oferi corpului un sprijin ergonomic, eficient \u0219i \u00eenv\u0103luitor, asigur\u00e2nd \u00een acela\u0219i timp fermitate.<\/p>\n<p>Stratul inferior de sus\u021binere, cu modelul s\u0103u special cu 7 zone pe ambele p\u0103r\u021bi, combinat cu Memory VE50 Waterlily\u00ae, ac\u021bioneaz\u0103 \u00een sinergie pentru a \u00eembun\u0103t\u0103\u021bi semnificativ confortul saltelei. Stratul inferior de sus\u021binere, cu diferen\u021bierea sa special\u0103 \u00een 7 zone pe ambele p\u0103r\u021bi, combinat cu Memory VE50 Waterlily\u00ae, ac\u021bioneaz\u0103 \u00een sinergie pentru a \u00eembun\u0103t\u0103\u021bi semnificativ postura \u0219i microcircula\u021bia de fiecare dat\u0103 c\u00e2nd v\u0103 trezi\u021bi.<\/p>\n","protected":false},"featured_media":2311,"template":"","meta":{"_acf_changed":false,"inline_featured_image":false},"product_brand":[23],"product_cat":[57],"product_tag":[],"class_list":{"0":"post-2310","1":"product","2":"type-product","3":"status-publish","4":"has-post-thumbnail","6":"product_brand-roccia","7":"product_cat-saltele","9":"first","10":"instock","11":"product-type-simple"},"acf":[],"_links":{"self":[{"href":"https:\/\/www.roccia.ro\/ro\/wp-json\/wp\/v2\/product\/2310","targetHints":{"allow":["GET"]}}],"collection":[{"href":"https:\/\/www.roccia.ro\/ro\/wp-json\/wp\/v2\/product"}],"about":[{"href":"https:\/\/www.roccia.ro\/ro\/wp-json\/wp\/v2\/types\/product"}],"wp:featuredmedia":[{"embeddable":true,"href":"https:\/\/www.roccia.ro\/ro\/wp-json\/wp\/v2\/media\/2311"}],"wp:attachment":[{"href":"https:\/\/www.roccia.ro\/ro\/wp-json\/wp\/v2\/media?parent=2310"}],"wp:term":[{"taxonomy":"product_brand","embeddable":true,"href":"https:\/\/www.roccia.ro\/ro\/wp-json\/wp\/v2\/product_brand?post=2310"},{"taxonomy":"product_cat","embeddable":true,"href":"https:\/\/www.roccia.ro\/ro\/wp-json\/wp\/v2\/product_cat?post=2310"},{"taxonomy":"product_tag","embeddable":true,"href":"https:\/\/www.roccia.ro\/ro\/wp-json\/wp\/v2\/product_tag?post=2310"}],"curies":[{"name":"wp","href":"https:\/\/api.w.org\/{rel}","templated":true}]}}