
{"id":2312,"date":"2025-12-01T16:04:23","date_gmt":"2025-12-01T15:04:23","guid":{"rendered":"https:\/\/www.roccia.ro\/prodotti\/fara-categorie\/viola-bianco\/"},"modified":"2026-01-21T15:17:38","modified_gmt":"2026-01-21T14:17:38","slug":"viola-bianco","status":"publish","type":"product","link":"https:\/\/www.roccia.ro\/ro\/prodotti\/dormitoare\/viola-bianco\/","title":{"rendered":"Viola Bianco Notte"},"content":{"rendered":"","protected":false},"excerpt":{"rendered":"<p>Viola Bianco: m\u0103iestrie sculptural\u0103, materiale selectate cu grij\u0103, un echilibru \u00eentre rafinament \u0219i simplitate.<\/p>\n","protected":false},"featured_media":2313,"template":"","meta":{"_acf_changed":false,"inline_featured_image":false},"product_brand":[23],"product_cat":[47],"product_tag":[],"class_list":{"0":"post-2312","1":"product","2":"type-product","3":"status-publish","4":"has-post-thumbnail","6":"product_brand-roccia","7":"product_cat-dormitoare","9":"first","10":"instock","11":"product-type-simple"},"acf":[],"_links":{"self":[{"href":"https:\/\/www.roccia.ro\/ro\/wp-json\/wp\/v2\/product\/2312","targetHints":{"allow":["GET"]}}],"collection":[{"href":"https:\/\/www.roccia.ro\/ro\/wp-json\/wp\/v2\/product"}],"about":[{"href":"https:\/\/www.roccia.ro\/ro\/wp-json\/wp\/v2\/types\/product"}],"wp:featuredmedia":[{"embeddable":true,"href":"https:\/\/www.roccia.ro\/ro\/wp-json\/wp\/v2\/media\/2313"}],"wp:attachment":[{"href":"https:\/\/www.roccia.ro\/ro\/wp-json\/wp\/v2\/media?parent=2312"}],"wp:term":[{"taxonomy":"product_brand","embeddable":true,"href":"https:\/\/www.roccia.ro\/ro\/wp-json\/wp\/v2\/product_brand?post=2312"},{"taxonomy":"product_cat","embeddable":true,"href":"https:\/\/www.roccia.ro\/ro\/wp-json\/wp\/v2\/product_cat?post=2312"},{"taxonomy":"product_tag","embeddable":true,"href":"https:\/\/www.roccia.ro\/ro\/wp-json\/wp\/v2\/product_tag?post=2312"}],"curies":[{"name":"wp","href":"https:\/\/api.w.org\/{rel}","templated":true}]}}