
{"id":2316,"date":"2025-12-01T16:02:47","date_gmt":"2025-12-01T15:02:47","guid":{"rendered":"https:\/\/www.roccia.ro\/?post_type=product&#038;p=2316"},"modified":"2026-01-21T15:18:15","modified_gmt":"2026-01-21T14:18:15","slug":"firmflex-pro","status":"publish","type":"product","link":"https:\/\/www.roccia.ro\/ro\/prodotti\/saltele\/firmflex-pro\/","title":{"rendered":"Firmflex Pro"},"content":{"rendered":"","protected":false},"excerpt":{"rendered":"<p>Saltea cu 800 de arcuri independente \u00eentr-o cutie poroas\u0103, cu strat superior din spum\u0103 cu memorie HD60: ferm\u0103, ergonomic\u0103, 7 zone, \u00een\u0103l\u021bime 25 cm.<\/p>\n","protected":false},"featured_media":2317,"template":"","meta":{"_acf_changed":false,"inline_featured_image":false},"product_brand":[23],"product_cat":[57],"product_tag":[],"class_list":{"0":"post-2316","1":"product","2":"type-product","3":"status-publish","4":"has-post-thumbnail","6":"product_brand-roccia","7":"product_cat-saltele","9":"first","10":"instock","11":"product-type-simple"},"acf":[],"_links":{"self":[{"href":"https:\/\/www.roccia.ro\/ro\/wp-json\/wp\/v2\/product\/2316","targetHints":{"allow":["GET"]}}],"collection":[{"href":"https:\/\/www.roccia.ro\/ro\/wp-json\/wp\/v2\/product"}],"about":[{"href":"https:\/\/www.roccia.ro\/ro\/wp-json\/wp\/v2\/types\/product"}],"wp:featuredmedia":[{"embeddable":true,"href":"https:\/\/www.roccia.ro\/ro\/wp-json\/wp\/v2\/media\/2317"}],"wp:attachment":[{"href":"https:\/\/www.roccia.ro\/ro\/wp-json\/wp\/v2\/media?parent=2316"}],"wp:term":[{"taxonomy":"product_brand","embeddable":true,"href":"https:\/\/www.roccia.ro\/ro\/wp-json\/wp\/v2\/product_brand?post=2316"},{"taxonomy":"product_cat","embeddable":true,"href":"https:\/\/www.roccia.ro\/ro\/wp-json\/wp\/v2\/product_cat?post=2316"},{"taxonomy":"product_tag","embeddable":true,"href":"https:\/\/www.roccia.ro\/ro\/wp-json\/wp\/v2\/product_tag?post=2316"}],"curies":[{"name":"wp","href":"https:\/\/api.w.org\/{rel}","templated":true}]}}