
{"id":2454,"date":"2025-12-01T16:02:47","date_gmt":"2025-12-01T15:02:47","guid":{"rendered":"https:\/\/www.roccia.ro\/?post_type=product&#038;p=2454"},"modified":"2026-01-21T15:56:58","modified_gmt":"2026-01-21T14:56:58","slug":"posture-plus","status":"publish","type":"product","link":"https:\/\/www.roccia.ro\/ro\/prodotti\/saltele\/posture-plus\/","title":{"rendered":"Posture Plus"},"content":{"rendered":"","protected":false},"excerpt":{"rendered":"<p>Saltea din spum\u0103 cu memorie VE50 Waterlily (5 cm) pe o baz\u0103 dens\u0103 de 18 cm: postur\u0103 corect\u0103, \u00een\u0103l\u021bime 23 cm, dispozitiv medical de clasa 1.<\/p>\n","protected":false},"featured_media":2455,"template":"","meta":{"_acf_changed":false,"inline_featured_image":false},"product_brand":[23],"product_cat":[57],"product_tag":[],"class_list":{"0":"post-2454","1":"product","2":"type-product","3":"status-publish","4":"has-post-thumbnail","6":"product_brand-roccia","7":"product_cat-saltele","9":"first","10":"instock","11":"product-type-simple"},"acf":[],"_links":{"self":[{"href":"https:\/\/www.roccia.ro\/ro\/wp-json\/wp\/v2\/product\/2454","targetHints":{"allow":["GET"]}}],"collection":[{"href":"https:\/\/www.roccia.ro\/ro\/wp-json\/wp\/v2\/product"}],"about":[{"href":"https:\/\/www.roccia.ro\/ro\/wp-json\/wp\/v2\/types\/product"}],"wp:featuredmedia":[{"embeddable":true,"href":"https:\/\/www.roccia.ro\/ro\/wp-json\/wp\/v2\/media\/2455"}],"wp:attachment":[{"href":"https:\/\/www.roccia.ro\/ro\/wp-json\/wp\/v2\/media?parent=2454"}],"wp:term":[{"taxonomy":"product_brand","embeddable":true,"href":"https:\/\/www.roccia.ro\/ro\/wp-json\/wp\/v2\/product_brand?post=2454"},{"taxonomy":"product_cat","embeddable":true,"href":"https:\/\/www.roccia.ro\/ro\/wp-json\/wp\/v2\/product_cat?post=2454"},{"taxonomy":"product_tag","embeddable":true,"href":"https:\/\/www.roccia.ro\/ro\/wp-json\/wp\/v2\/product_tag?post=2454"}],"curies":[{"name":"wp","href":"https:\/\/api.w.org\/{rel}","templated":true}]}}