
{"id":2456,"date":"2025-12-01T16:02:47","date_gmt":"2025-12-01T15:02:47","guid":{"rendered":"https:\/\/www.roccia.ro\/prodotti\/fara-categorie\/linda\/"},"modified":"2026-01-21T15:57:04","modified_gmt":"2026-01-21T14:57:04","slug":"linda","status":"publish","type":"product","link":"https:\/\/www.roccia.ro\/ro\/prodotti\/dormitoare\/linda\/","title":{"rendered":"Linda"},"content":{"rendered":"","protected":false},"excerpt":{"rendered":"<p>Camera Linda: palet\u0103 de culori expresiv\u0103, echilibru \u00eentre estetic\u0103 \u0219i func\u021bionalitate.<\/p>\n","protected":false},"featured_media":2457,"template":"","meta":{"_acf_changed":false,"inline_featured_image":false},"product_brand":[23],"product_cat":[47],"product_tag":[],"class_list":{"0":"post-2456","1":"product","2":"type-product","3":"status-publish","4":"has-post-thumbnail","6":"product_brand-roccia","7":"product_cat-dormitoare","9":"first","10":"instock","11":"product-type-simple"},"acf":[],"_links":{"self":[{"href":"https:\/\/www.roccia.ro\/ro\/wp-json\/wp\/v2\/product\/2456","targetHints":{"allow":["GET"]}}],"collection":[{"href":"https:\/\/www.roccia.ro\/ro\/wp-json\/wp\/v2\/product"}],"about":[{"href":"https:\/\/www.roccia.ro\/ro\/wp-json\/wp\/v2\/types\/product"}],"wp:featuredmedia":[{"embeddable":true,"href":"https:\/\/www.roccia.ro\/ro\/wp-json\/wp\/v2\/media\/2457"}],"wp:attachment":[{"href":"https:\/\/www.roccia.ro\/ro\/wp-json\/wp\/v2\/media?parent=2456"}],"wp:term":[{"taxonomy":"product_brand","embeddable":true,"href":"https:\/\/www.roccia.ro\/ro\/wp-json\/wp\/v2\/product_brand?post=2456"},{"taxonomy":"product_cat","embeddable":true,"href":"https:\/\/www.roccia.ro\/ro\/wp-json\/wp\/v2\/product_cat?post=2456"},{"taxonomy":"product_tag","embeddable":true,"href":"https:\/\/www.roccia.ro\/ro\/wp-json\/wp\/v2\/product_tag?post=2456"}],"curies":[{"name":"wp","href":"https:\/\/api.w.org\/{rel}","templated":true}]}}