
{"id":2460,"date":"2025-12-01T16:02:47","date_gmt":"2025-12-01T15:02:47","guid":{"rendered":"https:\/\/www.roccia.ro\/prodotti\/fara-categorie\/mbm01-v8-xstatic\/"},"modified":"2026-01-21T15:58:17","modified_gmt":"2026-01-21T14:58:17","slug":"mbm01-v8-xstatic","status":"publish","type":"product","link":"https:\/\/www.roccia.ro\/ro\/prodotti\/saltele\/mbm01-v8-xstatic\/","title":{"rendered":"MBM01 V8 XSTATIC"},"content":{"rendered":"","protected":false},"excerpt":{"rendered":"<p>SALTEA CU 800 DE ARCURI INDEPENDENTE, 7 ZONE DIFEREN\u021aIATE + 5 CM MEMORY GAIA Num\u0103rul mare de arcuri, toate independente unele de altele, confer\u0103 modelului MBM01 un suport de neegalat \u0219i o uniformitate perfect\u0103 \u00een distribu\u021bia greut\u0103\u021bii corporale. Acest sistem de arcuri cu 7 ZONE este inserat \u00een sistemul box cu o structur\u0103 de sus\u021binere \u00een jurul s\u0103u \u0219i, pe o parte, un strat de material inovator CARRIER FOAM, iar pe cealalt\u0103 parte, un strat de spum\u0103 MEMORY VE50 GAIA termosensibil\u0103 pentru o adaptabilitate ridicat\u0103. Toate acestea permit o aderen\u021b\u0103 perfect\u0103 la diferite p\u0103r\u021bi ale corpului, \u00eembun\u0103t\u0103\u021bind odihna.<\/p>\n","protected":false},"featured_media":2461,"template":"","meta":{"_acf_changed":false,"inline_featured_image":false},"product_brand":[23],"product_cat":[57],"product_tag":[],"class_list":{"0":"post-2460","1":"product","2":"type-product","3":"status-publish","4":"has-post-thumbnail","6":"product_brand-roccia","7":"product_cat-saltele","9":"first","10":"instock","11":"product-type-simple"},"acf":[],"_links":{"self":[{"href":"https:\/\/www.roccia.ro\/ro\/wp-json\/wp\/v2\/product\/2460","targetHints":{"allow":["GET"]}}],"collection":[{"href":"https:\/\/www.roccia.ro\/ro\/wp-json\/wp\/v2\/product"}],"about":[{"href":"https:\/\/www.roccia.ro\/ro\/wp-json\/wp\/v2\/types\/product"}],"wp:featuredmedia":[{"embeddable":true,"href":"https:\/\/www.roccia.ro\/ro\/wp-json\/wp\/v2\/media\/2461"}],"wp:attachment":[{"href":"https:\/\/www.roccia.ro\/ro\/wp-json\/wp\/v2\/media?parent=2460"}],"wp:term":[{"taxonomy":"product_brand","embeddable":true,"href":"https:\/\/www.roccia.ro\/ro\/wp-json\/wp\/v2\/product_brand?post=2460"},{"taxonomy":"product_cat","embeddable":true,"href":"https:\/\/www.roccia.ro\/ro\/wp-json\/wp\/v2\/product_cat?post=2460"},{"taxonomy":"product_tag","embeddable":true,"href":"https:\/\/www.roccia.ro\/ro\/wp-json\/wp\/v2\/product_tag?post=2460"}],"curies":[{"name":"wp","href":"https:\/\/api.w.org\/{rel}","templated":true}]}}