
{"id":2462,"date":"2025-12-01T16:02:47","date_gmt":"2025-12-01T15:02:47","guid":{"rendered":"https:\/\/www.roccia.ro\/prodotti\/fara-categorie\/cbm06-v7-amicor\/"},"modified":"2026-01-21T15:58:28","modified_gmt":"2026-01-21T14:58:28","slug":"cbm06-v7-amicor","status":"publish","type":"product","link":"https:\/\/www.roccia.ro\/ro\/prodotti\/saltele\/cbm06-v7-amicor\/","title":{"rendered":"CBM06 V7 AMICOR"},"content":{"rendered":"","protected":false},"excerpt":{"rendered":"<p>SALTEA CU 800 DE ARCURI INDEPENDENTE, 7 ZONE DIFEREN\u021aIATE + SPUM\u0102 MEMORY HD DUR\u0102 DE 3 CM garanteaz\u0103 acestei saltele o capacitate ridicat\u0103 de suportare a greut\u0103\u021bii \u0219i un sprijin ferm, f\u0103r\u0103 a compromite ergonomia.<\/p>\n","protected":false},"featured_media":2463,"template":"","meta":{"_acf_changed":false,"inline_featured_image":false},"product_brand":[23],"product_cat":[57],"product_tag":[],"class_list":{"0":"post-2462","1":"product","2":"type-product","3":"status-publish","4":"has-post-thumbnail","6":"product_brand-roccia","7":"product_cat-saltele","9":"first","10":"instock","11":"featured","12":"product-type-simple"},"acf":[],"_links":{"self":[{"href":"https:\/\/www.roccia.ro\/ro\/wp-json\/wp\/v2\/product\/2462","targetHints":{"allow":["GET"]}}],"collection":[{"href":"https:\/\/www.roccia.ro\/ro\/wp-json\/wp\/v2\/product"}],"about":[{"href":"https:\/\/www.roccia.ro\/ro\/wp-json\/wp\/v2\/types\/product"}],"wp:featuredmedia":[{"embeddable":true,"href":"https:\/\/www.roccia.ro\/ro\/wp-json\/wp\/v2\/media\/2463"}],"wp:attachment":[{"href":"https:\/\/www.roccia.ro\/ro\/wp-json\/wp\/v2\/media?parent=2462"}],"wp:term":[{"taxonomy":"product_brand","embeddable":true,"href":"https:\/\/www.roccia.ro\/ro\/wp-json\/wp\/v2\/product_brand?post=2462"},{"taxonomy":"product_cat","embeddable":true,"href":"https:\/\/www.roccia.ro\/ro\/wp-json\/wp\/v2\/product_cat?post=2462"},{"taxonomy":"product_tag","embeddable":true,"href":"https:\/\/www.roccia.ro\/ro\/wp-json\/wp\/v2\/product_tag?post=2462"}],"curies":[{"name":"wp","href":"https:\/\/api.w.org\/{rel}","templated":true}]}}